{"id":47318,"date":"2022-10-05T18:54:18","date_gmt":"2022-10-05T16:54:18","guid":{"rendered":"https:\/\/stoffe-autfizz.de\/?post_type=product&#038;p=47318"},"modified":"2022-11-13T21:37:41","modified_gmt":"2022-11-13T20:37:41","slug":"kuschliger-weicher-gemusterter-merinostrickstoff-kollektion-toptex","status":"publish","type":"product","link":"https:\/\/old.stoffe-autfizz.de\/?product=kuschliger-weicher-gemusterter-merinostrickstoff-kollektion-toptex","title":{"rendered":"kuschliger, weicher, gemusterter Merinostrickstoff &#8211; Kollektion TOPTEX &#8211;"},"content":{"rendered":"<p>100 % Merinowolle<\/p>\n","protected":false},"excerpt":{"rendered":"<p>ein wundersch\u00f6ner, weicher, aber volumin\u00f6ser Strickjacquard, in tollen warmen Farbt\u00f6nen und ideal f\u00fcr kuschlige Strickjacken und -M\u00e4ntel oder auch f\u00fcr kurze, kastige Pullover und Pullunder<\/p>\n<p>leider kann man die Farben nicht so genau darstellen, bei Bedarf fordern Sie bitte in Muster an<\/p>\n<p>diese Stoffe haben ander Webekante Fransen<\/p>\n","protected":false},"featured_media":0,"comment_status":"open","ping_status":"closed","template":"","meta":[],"product_cat":[72,81,120,79,80,121],"product_tag":[286,437,285,197,77],"yoast_head":"<!-- This site is optimized with the Yoast SEO plugin v19.10 - https:\/\/yoast.com\/wordpress\/plugins\/seo\/ -->\n<title>kuschliger, weicher, gemusterter Merinostrickstoff - Kollektion TOPTEX - | autfizz<\/title>\n<meta name=\"robots\" content=\"index, follow, max-snippet:-1, max-image-preview:large, max-video-preview:-1\" \/>\n<link rel=\"canonical\" href=\"https:\/\/old.stoffe-autfizz.de\/?product=kuschliger-weicher-gemusterter-merinostrickstoff-kollektion-toptex\" \/>\n<meta property=\"og:locale\" content=\"en_US\" \/>\n<meta property=\"og:type\" content=\"article\" \/>\n<meta property=\"og:title\" content=\"kuschliger, weicher, gemusterter Merinostrickstoff - Kollektion TOPTEX - | autfizz\" \/>\n<meta property=\"og:description\" content=\"ein wundersch\u00f6ner, weicher, aber volumin\u00f6ser Strickjacquard, in tollen warmen Farbt\u00f6nen und ideal f\u00fcr kuschlige Strickjacken und -M\u00e4ntel oder auch f\u00fcr kurze, kastige Pullover und Pullunder  leider kann man die Farben nicht so genau darstellen, bei Bedarf fordern Sie bitte in Muster an  diese Stoffe haben ander Webekante Fransen\" \/>\n<meta property=\"og:url\" content=\"https:\/\/old.stoffe-autfizz.de\/?product=kuschliger-weicher-gemusterter-merinostrickstoff-kollektion-toptex\" \/>\n<meta property=\"og:site_name\" content=\"autfizz\" \/>\n<meta property=\"article:publisher\" content=\"https:\/\/www.facebook.com\/autfizz\" \/>\n<meta property=\"article:modified_time\" content=\"2022-11-13T20:37:41+00:00\" \/>\n<meta name=\"twitter:card\" content=\"summary_large_image\" \/>\n<meta name=\"twitter:site\" content=\"@autfizz\" \/>\n<script type=\"application\/ld+json\" class=\"yoast-schema-graph\">{\"@context\":\"https:\/\/schema.org\",\"@graph\":[{\"@type\":\"WebPage\",\"@id\":\"https:\/\/old.stoffe-autfizz.de\/?product=kuschliger-weicher-gemusterter-merinostrickstoff-kollektion-toptex\",\"url\":\"https:\/\/old.stoffe-autfizz.de\/?product=kuschliger-weicher-gemusterter-merinostrickstoff-kollektion-toptex\",\"name\":\"kuschliger, weicher, gemusterter Merinostrickstoff - Kollektion TOPTEX - | autfizz\",\"isPartOf\":{\"@id\":\"https:\/\/old.stoffe-autfizz.de\/#website\"},\"datePublished\":\"2022-10-05T16:54:18+00:00\",\"dateModified\":\"2022-11-13T20:37:41+00:00\",\"breadcrumb\":{\"@id\":\"https:\/\/old.stoffe-autfizz.de\/?product=kuschliger-weicher-gemusterter-merinostrickstoff-kollektion-toptex#breadcrumb\"},\"inLanguage\":\"de\",\"potentialAction\":[{\"@type\":\"ReadAction\",\"target\":[\"https:\/\/old.stoffe-autfizz.de\/?product=kuschliger-weicher-gemusterter-merinostrickstoff-kollektion-toptex\"]}]},{\"@type\":\"BreadcrumbList\",\"@id\":\"https:\/\/old.stoffe-autfizz.de\/?product=kuschliger-weicher-gemusterter-merinostrickstoff-kollektion-toptex#breadcrumb\",\"itemListElement\":[{\"@type\":\"ListItem\",\"position\":1,\"name\":\"Startseite\",\"item\":\"https:\/\/old.stoffe-autfizz.de\/\"},{\"@type\":\"ListItem\",\"position\":2,\"name\":\"SHOP\",\"item\":\"https:\/\/old.stoffe-autfizz.de\/?page_id=11\"},{\"@type\":\"ListItem\",\"position\":3,\"name\":\"kuschliger, weicher, gemusterter Merinostrickstoff &#8211; Kollektion TOPTEX &#8211;\"}]},{\"@type\":\"WebSite\",\"@id\":\"https:\/\/old.stoffe-autfizz.de\/#website\",\"url\":\"https:\/\/old.stoffe-autfizz.de\/\",\"name\":\"autfizz\",\"description\":\"feine Stoffe\",\"publisher\":{\"@id\":\"https:\/\/old.stoffe-autfizz.de\/#organization\"},\"potentialAction\":[{\"@type\":\"SearchAction\",\"target\":{\"@type\":\"EntryPoint\",\"urlTemplate\":\"https:\/\/old.stoffe-autfizz.de\/?s={search_term_string}\"},\"query-input\":\"required name=search_term_string\"}],\"inLanguage\":\"de\"},{\"@type\":\"Organization\",\"@id\":\"https:\/\/old.stoffe-autfizz.de\/#organization\",\"name\":\"autfizz | Stoffgesch\u00e4ft in Rosenheim\",\"url\":\"https:\/\/old.stoffe-autfizz.de\/\",\"logo\":{\"@type\":\"ImageObject\",\"inLanguage\":\"de\",\"@id\":\"https:\/\/old.stoffe-autfizz.de\/#\/schema\/logo\/image\/\",\"url\":\"https:\/\/old.stoffe-autfizz.de\/wp-content\/uploads\/2018\/04\/Logo-autfizz_klein_100.jpg\",\"contentUrl\":\"https:\/\/old.stoffe-autfizz.de\/wp-content\/uploads\/2018\/04\/Logo-autfizz_klein_100.jpg\",\"width\":200,\"height\":100,\"caption\":\"autfizz | Stoffgesch\u00e4ft in Rosenheim\"},\"image\":{\"@id\":\"https:\/\/old.stoffe-autfizz.de\/#\/schema\/logo\/image\/\"},\"sameAs\":[\"https:\/\/www.instagram.com\/autfizz_feine_stoffe\",\"https:\/\/www.facebook.com\/autfizz\",\"https:\/\/twitter.com\/autfizz\"]}]}<\/script>\n<!-- \/ Yoast SEO plugin. -->","yoast_head_json":{"title":"kuschliger, weicher, gemusterter Merinostrickstoff - Kollektion TOPTEX - | autfizz","robots":{"index":"index","follow":"follow","max-snippet":"max-snippet:-1","max-image-preview":"max-image-preview:large","max-video-preview":"max-video-preview:-1"},"canonical":"https:\/\/old.stoffe-autfizz.de\/?product=kuschliger-weicher-gemusterter-merinostrickstoff-kollektion-toptex","og_locale":"en_US","og_type":"article","og_title":"kuschliger, weicher, gemusterter Merinostrickstoff - Kollektion TOPTEX - | autfizz","og_description":"ein wundersch\u00f6ner, weicher, aber volumin\u00f6ser Strickjacquard, in tollen warmen Farbt\u00f6nen und ideal f\u00fcr kuschlige Strickjacken und -M\u00e4ntel oder auch f\u00fcr kurze, kastige Pullover und Pullunder  leider kann man die Farben nicht so genau darstellen, bei Bedarf fordern Sie bitte in Muster an  diese Stoffe haben ander Webekante Fransen","og_url":"https:\/\/old.stoffe-autfizz.de\/?product=kuschliger-weicher-gemusterter-merinostrickstoff-kollektion-toptex","og_site_name":"autfizz","article_publisher":"https:\/\/www.facebook.com\/autfizz","article_modified_time":"2022-11-13T20:37:41+00:00","twitter_card":"summary_large_image","twitter_site":"@autfizz","schema":{"@context":"https:\/\/schema.org","@graph":[{"@type":"WebPage","@id":"https:\/\/old.stoffe-autfizz.de\/?product=kuschliger-weicher-gemusterter-merinostrickstoff-kollektion-toptex","url":"https:\/\/old.stoffe-autfizz.de\/?product=kuschliger-weicher-gemusterter-merinostrickstoff-kollektion-toptex","name":"kuschliger, weicher, gemusterter Merinostrickstoff - Kollektion TOPTEX - | autfizz","isPartOf":{"@id":"https:\/\/old.stoffe-autfizz.de\/#website"},"datePublished":"2022-10-05T16:54:18+00:00","dateModified":"2022-11-13T20:37:41+00:00","breadcrumb":{"@id":"https:\/\/old.stoffe-autfizz.de\/?product=kuschliger-weicher-gemusterter-merinostrickstoff-kollektion-toptex#breadcrumb"},"inLanguage":"de","potentialAction":[{"@type":"ReadAction","target":["https:\/\/old.stoffe-autfizz.de\/?product=kuschliger-weicher-gemusterter-merinostrickstoff-kollektion-toptex"]}]},{"@type":"BreadcrumbList","@id":"https:\/\/old.stoffe-autfizz.de\/?product=kuschliger-weicher-gemusterter-merinostrickstoff-kollektion-toptex#breadcrumb","itemListElement":[{"@type":"ListItem","position":1,"name":"Startseite","item":"https:\/\/old.stoffe-autfizz.de\/"},{"@type":"ListItem","position":2,"name":"SHOP","item":"https:\/\/old.stoffe-autfizz.de\/?page_id=11"},{"@type":"ListItem","position":3,"name":"kuschliger, weicher, gemusterter Merinostrickstoff &#8211; Kollektion TOPTEX &#8211;"}]},{"@type":"WebSite","@id":"https:\/\/old.stoffe-autfizz.de\/#website","url":"https:\/\/old.stoffe-autfizz.de\/","name":"autfizz","description":"feine Stoffe","publisher":{"@id":"https:\/\/old.stoffe-autfizz.de\/#organization"},"potentialAction":[{"@type":"SearchAction","target":{"@type":"EntryPoint","urlTemplate":"https:\/\/old.stoffe-autfizz.de\/?s={search_term_string}"},"query-input":"required name=search_term_string"}],"inLanguage":"de"},{"@type":"Organization","@id":"https:\/\/old.stoffe-autfizz.de\/#organization","name":"autfizz | Stoffgesch\u00e4ft in Rosenheim","url":"https:\/\/old.stoffe-autfizz.de\/","logo":{"@type":"ImageObject","inLanguage":"de","@id":"https:\/\/old.stoffe-autfizz.de\/#\/schema\/logo\/image\/","url":"https:\/\/old.stoffe-autfizz.de\/wp-content\/uploads\/2018\/04\/Logo-autfizz_klein_100.jpg","contentUrl":"https:\/\/old.stoffe-autfizz.de\/wp-content\/uploads\/2018\/04\/Logo-autfizz_klein_100.jpg","width":200,"height":100,"caption":"autfizz | Stoffgesch\u00e4ft in Rosenheim"},"image":{"@id":"https:\/\/old.stoffe-autfizz.de\/#\/schema\/logo\/image\/"},"sameAs":["https:\/\/www.instagram.com\/autfizz_feine_stoffe","https:\/\/www.facebook.com\/autfizz","https:\/\/twitter.com\/autfizz"]}]}},"_links":{"self":[{"href":"https:\/\/old.stoffe-autfizz.de\/index.php?rest_route=\/wp\/v3\/product\/47318"}],"collection":[{"href":"https:\/\/old.stoffe-autfizz.de\/index.php?rest_route=\/wp\/v3\/product"}],"about":[{"href":"https:\/\/old.stoffe-autfizz.de\/index.php?rest_route=\/wp\/v2\/types\/product"}],"replies":[{"embeddable":true,"href":"https:\/\/old.stoffe-autfizz.de\/index.php?rest_route=%2Fwp%2Fv2%2Fcomments&post=47318"}],"wp:attachment":[{"href":"https:\/\/old.stoffe-autfizz.de\/index.php?rest_route=%2Fwp%2Fv2%2Fmedia&parent=47318"}],"wp:term":[{"taxonomy":"product_cat","embeddable":true,"href":"https:\/\/old.stoffe-autfizz.de\/index.php?rest_route=%2Fwp%2Fv2%2Fproduct_cat&post=47318"},{"taxonomy":"product_tag","embeddable":true,"href":"https:\/\/old.stoffe-autfizz.de\/index.php?rest_route=%2Fwp%2Fv2%2Fproduct_tag&post=47318"}],"curies":[{"name":"wp","href":"https:\/\/api.w.org\/{rel}","templated":true}]}}