{"id":46485,"date":"2022-08-28T11:17:39","date_gmt":"2022-08-28T09:17:39","guid":{"rendered":"https:\/\/stoffe-autfizz.de\/?post_type=product&#038;p=46485"},"modified":"2022-11-16T18:15:19","modified_gmt":"2022-11-16T17:15:19","slug":"duenner-edler-kleiderwalk-eines-bekannten-deutschen-modelabels","status":"publish","type":"product","link":"https:\/\/old.stoffe-autfizz.de\/?product=duenner-edler-kleiderwalk-eines-bekannten-deutschen-modelabels","title":{"rendered":"d\u00fcnner, edler Kleiderwalk eines bekannten deutschen Modelabels"},"content":{"rendered":"<p>100 % Merinowolle<\/p>\n","protected":false},"excerpt":{"rendered":"<p>ein feiner Kleiderwalkstoff f\u00fcr Jacken, Tops und R\u00f6cke<\/p>\n","protected":false},"featured_media":46306,"comment_status":"open","ping_status":"closed","template":"","meta":[],"product_cat":[72,120,79,91,195],"product_tag":[114,1437],"yoast_head":"<!-- This site is optimized with the Yoast SEO plugin v19.10 - https:\/\/yoast.com\/wordpress\/plugins\/seo\/ -->\n<title>d\u00fcnner, edler Kleiderwalk eines bekannten deutschen Modelabels | autfizz<\/title>\n<meta name=\"robots\" content=\"index, follow, max-snippet:-1, max-image-preview:large, max-video-preview:-1\" \/>\n<link rel=\"canonical\" href=\"https:\/\/old.stoffe-autfizz.de\/?product=duenner-edler-kleiderwalk-eines-bekannten-deutschen-modelabels\" \/>\n<meta property=\"og:locale\" content=\"en_US\" \/>\n<meta property=\"og:type\" content=\"article\" \/>\n<meta property=\"og:title\" content=\"d\u00fcnner, edler Kleiderwalk eines bekannten deutschen Modelabels | autfizz\" \/>\n<meta property=\"og:description\" content=\"ein feiner Kleiderwalkstoff f\u00fcr Jacken, Tops und R\u00f6cke\" \/>\n<meta property=\"og:url\" content=\"https:\/\/old.stoffe-autfizz.de\/?product=duenner-edler-kleiderwalk-eines-bekannten-deutschen-modelabels\" \/>\n<meta property=\"og:site_name\" content=\"autfizz\" \/>\n<meta property=\"article:publisher\" content=\"https:\/\/www.facebook.com\/autfizz\" \/>\n<meta property=\"article:modified_time\" content=\"2022-11-16T17:15:19+00:00\" \/>\n<meta property=\"og:image\" content=\"https:\/\/old.stoffe-autfizz.de\/wp-content\/uploads\/2022\/08\/fall37.jpg\" \/>\n\t<meta property=\"og:image:width\" content=\"650\" \/>\n\t<meta property=\"og:image:height\" content=\"867\" \/>\n\t<meta property=\"og:image:type\" content=\"image\/jpeg\" \/>\n<meta name=\"twitter:card\" content=\"summary_large_image\" \/>\n<meta name=\"twitter:site\" content=\"@autfizz\" \/>\n<meta name=\"twitter:label1\" content=\"Gesch\u00e4tzte Lesezeit\" \/>\n\t<meta name=\"twitter:data1\" content=\"1\u00a0Minute\" \/>\n<script type=\"application\/ld+json\" class=\"yoast-schema-graph\">{\"@context\":\"https:\/\/schema.org\",\"@graph\":[{\"@type\":\"WebPage\",\"@id\":\"https:\/\/old.stoffe-autfizz.de\/?product=duenner-edler-kleiderwalk-eines-bekannten-deutschen-modelabels\",\"url\":\"https:\/\/old.stoffe-autfizz.de\/?product=duenner-edler-kleiderwalk-eines-bekannten-deutschen-modelabels\",\"name\":\"d\u00fcnner, edler Kleiderwalk eines bekannten deutschen Modelabels | autfizz\",\"isPartOf\":{\"@id\":\"https:\/\/old.stoffe-autfizz.de\/#website\"},\"datePublished\":\"2022-08-28T09:17:39+00:00\",\"dateModified\":\"2022-11-16T17:15:19+00:00\",\"breadcrumb\":{\"@id\":\"https:\/\/old.stoffe-autfizz.de\/?product=duenner-edler-kleiderwalk-eines-bekannten-deutschen-modelabels#breadcrumb\"},\"inLanguage\":\"de\",\"potentialAction\":[{\"@type\":\"ReadAction\",\"target\":[\"https:\/\/old.stoffe-autfizz.de\/?product=duenner-edler-kleiderwalk-eines-bekannten-deutschen-modelabels\"]}]},{\"@type\":\"BreadcrumbList\",\"@id\":\"https:\/\/old.stoffe-autfizz.de\/?product=duenner-edler-kleiderwalk-eines-bekannten-deutschen-modelabels#breadcrumb\",\"itemListElement\":[{\"@type\":\"ListItem\",\"position\":1,\"name\":\"Startseite\",\"item\":\"https:\/\/old.stoffe-autfizz.de\/\"},{\"@type\":\"ListItem\",\"position\":2,\"name\":\"SHOP\",\"item\":\"https:\/\/old.stoffe-autfizz.de\/?page_id=11\"},{\"@type\":\"ListItem\",\"position\":3,\"name\":\"d\u00fcnner, edler Kleiderwalk eines bekannten deutschen Modelabels\"}]},{\"@type\":\"WebSite\",\"@id\":\"https:\/\/old.stoffe-autfizz.de\/#website\",\"url\":\"https:\/\/old.stoffe-autfizz.de\/\",\"name\":\"autfizz\",\"description\":\"feine Stoffe\",\"publisher\":{\"@id\":\"https:\/\/old.stoffe-autfizz.de\/#organization\"},\"potentialAction\":[{\"@type\":\"SearchAction\",\"target\":{\"@type\":\"EntryPoint\",\"urlTemplate\":\"https:\/\/old.stoffe-autfizz.de\/?s={search_term_string}\"},\"query-input\":\"required name=search_term_string\"}],\"inLanguage\":\"de\"},{\"@type\":\"Organization\",\"@id\":\"https:\/\/old.stoffe-autfizz.de\/#organization\",\"name\":\"autfizz | Stoffgesch\u00e4ft in Rosenheim\",\"url\":\"https:\/\/old.stoffe-autfizz.de\/\",\"logo\":{\"@type\":\"ImageObject\",\"inLanguage\":\"de\",\"@id\":\"https:\/\/old.stoffe-autfizz.de\/#\/schema\/logo\/image\/\",\"url\":\"https:\/\/old.stoffe-autfizz.de\/wp-content\/uploads\/2018\/04\/Logo-autfizz_klein_100.jpg\",\"contentUrl\":\"https:\/\/old.stoffe-autfizz.de\/wp-content\/uploads\/2018\/04\/Logo-autfizz_klein_100.jpg\",\"width\":200,\"height\":100,\"caption\":\"autfizz | Stoffgesch\u00e4ft in Rosenheim\"},\"image\":{\"@id\":\"https:\/\/old.stoffe-autfizz.de\/#\/schema\/logo\/image\/\"},\"sameAs\":[\"https:\/\/www.instagram.com\/autfizz_feine_stoffe\",\"https:\/\/www.facebook.com\/autfizz\",\"https:\/\/twitter.com\/autfizz\"]}]}<\/script>\n<!-- \/ Yoast SEO plugin. -->","yoast_head_json":{"title":"d\u00fcnner, edler Kleiderwalk eines bekannten deutschen Modelabels | autfizz","robots":{"index":"index","follow":"follow","max-snippet":"max-snippet:-1","max-image-preview":"max-image-preview:large","max-video-preview":"max-video-preview:-1"},"canonical":"https:\/\/old.stoffe-autfizz.de\/?product=duenner-edler-kleiderwalk-eines-bekannten-deutschen-modelabels","og_locale":"en_US","og_type":"article","og_title":"d\u00fcnner, edler Kleiderwalk eines bekannten deutschen Modelabels | autfizz","og_description":"ein feiner Kleiderwalkstoff f\u00fcr Jacken, Tops und R\u00f6cke","og_url":"https:\/\/old.stoffe-autfizz.de\/?product=duenner-edler-kleiderwalk-eines-bekannten-deutschen-modelabels","og_site_name":"autfizz","article_publisher":"https:\/\/www.facebook.com\/autfizz","article_modified_time":"2022-11-16T17:15:19+00:00","og_image":[{"width":650,"height":867,"url":"https:\/\/old.stoffe-autfizz.de\/wp-content\/uploads\/2022\/08\/fall37.jpg","type":"image\/jpeg"}],"twitter_card":"summary_large_image","twitter_site":"@autfizz","twitter_misc":{"Gesch\u00e4tzte Lesezeit":"1\u00a0Minute"},"schema":{"@context":"https:\/\/schema.org","@graph":[{"@type":"WebPage","@id":"https:\/\/old.stoffe-autfizz.de\/?product=duenner-edler-kleiderwalk-eines-bekannten-deutschen-modelabels","url":"https:\/\/old.stoffe-autfizz.de\/?product=duenner-edler-kleiderwalk-eines-bekannten-deutschen-modelabels","name":"d\u00fcnner, edler Kleiderwalk eines bekannten deutschen Modelabels | autfizz","isPartOf":{"@id":"https:\/\/old.stoffe-autfizz.de\/#website"},"datePublished":"2022-08-28T09:17:39+00:00","dateModified":"2022-11-16T17:15:19+00:00","breadcrumb":{"@id":"https:\/\/old.stoffe-autfizz.de\/?product=duenner-edler-kleiderwalk-eines-bekannten-deutschen-modelabels#breadcrumb"},"inLanguage":"de","potentialAction":[{"@type":"ReadAction","target":["https:\/\/old.stoffe-autfizz.de\/?product=duenner-edler-kleiderwalk-eines-bekannten-deutschen-modelabels"]}]},{"@type":"BreadcrumbList","@id":"https:\/\/old.stoffe-autfizz.de\/?product=duenner-edler-kleiderwalk-eines-bekannten-deutschen-modelabels#breadcrumb","itemListElement":[{"@type":"ListItem","position":1,"name":"Startseite","item":"https:\/\/old.stoffe-autfizz.de\/"},{"@type":"ListItem","position":2,"name":"SHOP","item":"https:\/\/old.stoffe-autfizz.de\/?page_id=11"},{"@type":"ListItem","position":3,"name":"d\u00fcnner, edler Kleiderwalk eines bekannten deutschen Modelabels"}]},{"@type":"WebSite","@id":"https:\/\/old.stoffe-autfizz.de\/#website","url":"https:\/\/old.stoffe-autfizz.de\/","name":"autfizz","description":"feine Stoffe","publisher":{"@id":"https:\/\/old.stoffe-autfizz.de\/#organization"},"potentialAction":[{"@type":"SearchAction","target":{"@type":"EntryPoint","urlTemplate":"https:\/\/old.stoffe-autfizz.de\/?s={search_term_string}"},"query-input":"required name=search_term_string"}],"inLanguage":"de"},{"@type":"Organization","@id":"https:\/\/old.stoffe-autfizz.de\/#organization","name":"autfizz | Stoffgesch\u00e4ft in Rosenheim","url":"https:\/\/old.stoffe-autfizz.de\/","logo":{"@type":"ImageObject","inLanguage":"de","@id":"https:\/\/old.stoffe-autfizz.de\/#\/schema\/logo\/image\/","url":"https:\/\/old.stoffe-autfizz.de\/wp-content\/uploads\/2018\/04\/Logo-autfizz_klein_100.jpg","contentUrl":"https:\/\/old.stoffe-autfizz.de\/wp-content\/uploads\/2018\/04\/Logo-autfizz_klein_100.jpg","width":200,"height":100,"caption":"autfizz | Stoffgesch\u00e4ft in Rosenheim"},"image":{"@id":"https:\/\/old.stoffe-autfizz.de\/#\/schema\/logo\/image\/"},"sameAs":["https:\/\/www.instagram.com\/autfizz_feine_stoffe","https:\/\/www.facebook.com\/autfizz","https:\/\/twitter.com\/autfizz"]}]}},"_links":{"self":[{"href":"https:\/\/old.stoffe-autfizz.de\/index.php?rest_route=\/wp\/v3\/product\/46485"}],"collection":[{"href":"https:\/\/old.stoffe-autfizz.de\/index.php?rest_route=\/wp\/v3\/product"}],"about":[{"href":"https:\/\/old.stoffe-autfizz.de\/index.php?rest_route=\/wp\/v2\/types\/product"}],"replies":[{"embeddable":true,"href":"https:\/\/old.stoffe-autfizz.de\/index.php?rest_route=%2Fwp%2Fv2%2Fcomments&post=46485"}],"wp:featuredmedia":[{"embeddable":true,"href":"https:\/\/old.stoffe-autfizz.de\/index.php?rest_route=\/wp\/v2\/media\/46306"}],"wp:attachment":[{"href":"https:\/\/old.stoffe-autfizz.de\/index.php?rest_route=%2Fwp%2Fv2%2Fmedia&parent=46485"}],"wp:term":[{"taxonomy":"product_cat","embeddable":true,"href":"https:\/\/old.stoffe-autfizz.de\/index.php?rest_route=%2Fwp%2Fv2%2Fproduct_cat&post=46485"},{"taxonomy":"product_tag","embeddable":true,"href":"https:\/\/old.stoffe-autfizz.de\/index.php?rest_route=%2Fwp%2Fv2%2Fproduct_tag&post=46485"}],"curies":[{"name":"wp","href":"https:\/\/api.w.org\/{rel}","templated":true}]}}