{"id":45761,"date":"2022-08-01T21:53:45","date_gmt":"2022-08-01T19:53:45","guid":{"rendered":"https:\/\/stoffe-autfizz.de\/?post_type=product&#038;p=45761"},"modified":"2022-11-16T13:30:56","modified_gmt":"2022-11-16T12:30:56","slug":"weicher-elastischer-rippenstrickstoff-kollektion-toptex","status":"publish","type":"product","link":"https:\/\/old.stoffe-autfizz.de\/?product=weicher-elastischer-rippenstrickstoff-kollektion-toptex","title":{"rendered":"weicher, elastischer Rippenstrickstoff &#8211; Kollektion TOPTEX &#8211;"},"content":{"rendered":"<p>57 % Viscose, 25 % PA, 15 % Nylon, 3 % Elasthan<\/p>\n","protected":false},"excerpt":{"rendered":"<p>ein ganz toller, weicher Strickstoff, der aber total die Form beh\u00e4lt durch den Anteil von PA und Nylon,<\/p>\n<p>super geeignet f\u00fcr die angesagten Pullunder, aber auch f\u00fcr Pullis, Hoodies und Cardigans ideal<\/p>\n","protected":false},"featured_media":0,"comment_status":"open","ping_status":"closed","template":"","meta":[],"product_cat":[72,107,120,79,198,91,96],"product_tag":[152,1267],"yoast_head":"<!-- This site is optimized with the Yoast SEO plugin v19.10 - https:\/\/yoast.com\/wordpress\/plugins\/seo\/ -->\n<title>weicher, elastischer Rippenstrickstoff - Kollektion TOPTEX - | autfizz<\/title>\n<meta name=\"robots\" content=\"index, follow, max-snippet:-1, max-image-preview:large, max-video-preview:-1\" \/>\n<link rel=\"canonical\" href=\"https:\/\/old.stoffe-autfizz.de\/?product=weicher-elastischer-rippenstrickstoff-kollektion-toptex\" \/>\n<meta property=\"og:locale\" content=\"en_US\" \/>\n<meta property=\"og:type\" content=\"article\" \/>\n<meta property=\"og:title\" content=\"weicher, elastischer Rippenstrickstoff - Kollektion TOPTEX - | autfizz\" \/>\n<meta property=\"og:description\" content=\"ein ganz toller, weicher Strickstoff, der aber total die Form beh\u00e4lt durch den Anteil von PA und Nylon,  super geeignet f\u00fcr die angesagten Pullunder, aber auch f\u00fcr Pullis, Hoodies und Cardigans ideal\" \/>\n<meta property=\"og:url\" content=\"https:\/\/old.stoffe-autfizz.de\/?product=weicher-elastischer-rippenstrickstoff-kollektion-toptex\" \/>\n<meta property=\"og:site_name\" content=\"autfizz\" \/>\n<meta property=\"article:publisher\" content=\"https:\/\/www.facebook.com\/autfizz\" \/>\n<meta property=\"article:modified_time\" content=\"2022-11-16T12:30:56+00:00\" \/>\n<meta name=\"twitter:card\" content=\"summary_large_image\" \/>\n<meta name=\"twitter:site\" content=\"@autfizz\" \/>\n<script type=\"application\/ld+json\" class=\"yoast-schema-graph\">{\"@context\":\"https:\/\/schema.org\",\"@graph\":[{\"@type\":\"WebPage\",\"@id\":\"https:\/\/old.stoffe-autfizz.de\/?product=weicher-elastischer-rippenstrickstoff-kollektion-toptex\",\"url\":\"https:\/\/old.stoffe-autfizz.de\/?product=weicher-elastischer-rippenstrickstoff-kollektion-toptex\",\"name\":\"weicher, elastischer Rippenstrickstoff - Kollektion TOPTEX - | autfizz\",\"isPartOf\":{\"@id\":\"https:\/\/old.stoffe-autfizz.de\/#website\"},\"datePublished\":\"2022-08-01T19:53:45+00:00\",\"dateModified\":\"2022-11-16T12:30:56+00:00\",\"breadcrumb\":{\"@id\":\"https:\/\/old.stoffe-autfizz.de\/?product=weicher-elastischer-rippenstrickstoff-kollektion-toptex#breadcrumb\"},\"inLanguage\":\"de\",\"potentialAction\":[{\"@type\":\"ReadAction\",\"target\":[\"https:\/\/old.stoffe-autfizz.de\/?product=weicher-elastischer-rippenstrickstoff-kollektion-toptex\"]}]},{\"@type\":\"BreadcrumbList\",\"@id\":\"https:\/\/old.stoffe-autfizz.de\/?product=weicher-elastischer-rippenstrickstoff-kollektion-toptex#breadcrumb\",\"itemListElement\":[{\"@type\":\"ListItem\",\"position\":1,\"name\":\"Startseite\",\"item\":\"https:\/\/old.stoffe-autfizz.de\/\"},{\"@type\":\"ListItem\",\"position\":2,\"name\":\"SHOP\",\"item\":\"https:\/\/old.stoffe-autfizz.de\/?page_id=11\"},{\"@type\":\"ListItem\",\"position\":3,\"name\":\"weicher, elastischer Rippenstrickstoff &#8211; Kollektion TOPTEX &#8211;\"}]},{\"@type\":\"WebSite\",\"@id\":\"https:\/\/old.stoffe-autfizz.de\/#website\",\"url\":\"https:\/\/old.stoffe-autfizz.de\/\",\"name\":\"autfizz\",\"description\":\"feine Stoffe\",\"publisher\":{\"@id\":\"https:\/\/old.stoffe-autfizz.de\/#organization\"},\"potentialAction\":[{\"@type\":\"SearchAction\",\"target\":{\"@type\":\"EntryPoint\",\"urlTemplate\":\"https:\/\/old.stoffe-autfizz.de\/?s={search_term_string}\"},\"query-input\":\"required name=search_term_string\"}],\"inLanguage\":\"de\"},{\"@type\":\"Organization\",\"@id\":\"https:\/\/old.stoffe-autfizz.de\/#organization\",\"name\":\"autfizz | Stoffgesch\u00e4ft in Rosenheim\",\"url\":\"https:\/\/old.stoffe-autfizz.de\/\",\"logo\":{\"@type\":\"ImageObject\",\"inLanguage\":\"de\",\"@id\":\"https:\/\/old.stoffe-autfizz.de\/#\/schema\/logo\/image\/\",\"url\":\"https:\/\/old.stoffe-autfizz.de\/wp-content\/uploads\/2018\/04\/Logo-autfizz_klein_100.jpg\",\"contentUrl\":\"https:\/\/old.stoffe-autfizz.de\/wp-content\/uploads\/2018\/04\/Logo-autfizz_klein_100.jpg\",\"width\":200,\"height\":100,\"caption\":\"autfizz | Stoffgesch\u00e4ft in Rosenheim\"},\"image\":{\"@id\":\"https:\/\/old.stoffe-autfizz.de\/#\/schema\/logo\/image\/\"},\"sameAs\":[\"https:\/\/www.instagram.com\/autfizz_feine_stoffe\",\"https:\/\/www.facebook.com\/autfizz\",\"https:\/\/twitter.com\/autfizz\"]}]}<\/script>\n<!-- \/ Yoast SEO plugin. -->","yoast_head_json":{"title":"weicher, elastischer Rippenstrickstoff - Kollektion TOPTEX - | autfizz","robots":{"index":"index","follow":"follow","max-snippet":"max-snippet:-1","max-image-preview":"max-image-preview:large","max-video-preview":"max-video-preview:-1"},"canonical":"https:\/\/old.stoffe-autfizz.de\/?product=weicher-elastischer-rippenstrickstoff-kollektion-toptex","og_locale":"en_US","og_type":"article","og_title":"weicher, elastischer Rippenstrickstoff - Kollektion TOPTEX - | autfizz","og_description":"ein ganz toller, weicher Strickstoff, der aber total die Form beh\u00e4lt durch den Anteil von PA und Nylon,  super geeignet f\u00fcr die angesagten Pullunder, aber auch f\u00fcr Pullis, Hoodies und Cardigans ideal","og_url":"https:\/\/old.stoffe-autfizz.de\/?product=weicher-elastischer-rippenstrickstoff-kollektion-toptex","og_site_name":"autfizz","article_publisher":"https:\/\/www.facebook.com\/autfizz","article_modified_time":"2022-11-16T12:30:56+00:00","twitter_card":"summary_large_image","twitter_site":"@autfizz","schema":{"@context":"https:\/\/schema.org","@graph":[{"@type":"WebPage","@id":"https:\/\/old.stoffe-autfizz.de\/?product=weicher-elastischer-rippenstrickstoff-kollektion-toptex","url":"https:\/\/old.stoffe-autfizz.de\/?product=weicher-elastischer-rippenstrickstoff-kollektion-toptex","name":"weicher, elastischer Rippenstrickstoff - Kollektion TOPTEX - | autfizz","isPartOf":{"@id":"https:\/\/old.stoffe-autfizz.de\/#website"},"datePublished":"2022-08-01T19:53:45+00:00","dateModified":"2022-11-16T12:30:56+00:00","breadcrumb":{"@id":"https:\/\/old.stoffe-autfizz.de\/?product=weicher-elastischer-rippenstrickstoff-kollektion-toptex#breadcrumb"},"inLanguage":"de","potentialAction":[{"@type":"ReadAction","target":["https:\/\/old.stoffe-autfizz.de\/?product=weicher-elastischer-rippenstrickstoff-kollektion-toptex"]}]},{"@type":"BreadcrumbList","@id":"https:\/\/old.stoffe-autfizz.de\/?product=weicher-elastischer-rippenstrickstoff-kollektion-toptex#breadcrumb","itemListElement":[{"@type":"ListItem","position":1,"name":"Startseite","item":"https:\/\/old.stoffe-autfizz.de\/"},{"@type":"ListItem","position":2,"name":"SHOP","item":"https:\/\/old.stoffe-autfizz.de\/?page_id=11"},{"@type":"ListItem","position":3,"name":"weicher, elastischer Rippenstrickstoff &#8211; Kollektion TOPTEX &#8211;"}]},{"@type":"WebSite","@id":"https:\/\/old.stoffe-autfizz.de\/#website","url":"https:\/\/old.stoffe-autfizz.de\/","name":"autfizz","description":"feine Stoffe","publisher":{"@id":"https:\/\/old.stoffe-autfizz.de\/#organization"},"potentialAction":[{"@type":"SearchAction","target":{"@type":"EntryPoint","urlTemplate":"https:\/\/old.stoffe-autfizz.de\/?s={search_term_string}"},"query-input":"required name=search_term_string"}],"inLanguage":"de"},{"@type":"Organization","@id":"https:\/\/old.stoffe-autfizz.de\/#organization","name":"autfizz | Stoffgesch\u00e4ft in Rosenheim","url":"https:\/\/old.stoffe-autfizz.de\/","logo":{"@type":"ImageObject","inLanguage":"de","@id":"https:\/\/old.stoffe-autfizz.de\/#\/schema\/logo\/image\/","url":"https:\/\/old.stoffe-autfizz.de\/wp-content\/uploads\/2018\/04\/Logo-autfizz_klein_100.jpg","contentUrl":"https:\/\/old.stoffe-autfizz.de\/wp-content\/uploads\/2018\/04\/Logo-autfizz_klein_100.jpg","width":200,"height":100,"caption":"autfizz | Stoffgesch\u00e4ft in Rosenheim"},"image":{"@id":"https:\/\/old.stoffe-autfizz.de\/#\/schema\/logo\/image\/"},"sameAs":["https:\/\/www.instagram.com\/autfizz_feine_stoffe","https:\/\/www.facebook.com\/autfizz","https:\/\/twitter.com\/autfizz"]}]}},"_links":{"self":[{"href":"https:\/\/old.stoffe-autfizz.de\/index.php?rest_route=\/wp\/v3\/product\/45761"}],"collection":[{"href":"https:\/\/old.stoffe-autfizz.de\/index.php?rest_route=\/wp\/v3\/product"}],"about":[{"href":"https:\/\/old.stoffe-autfizz.de\/index.php?rest_route=\/wp\/v2\/types\/product"}],"replies":[{"embeddable":true,"href":"https:\/\/old.stoffe-autfizz.de\/index.php?rest_route=%2Fwp%2Fv2%2Fcomments&post=45761"}],"wp:attachment":[{"href":"https:\/\/old.stoffe-autfizz.de\/index.php?rest_route=%2Fwp%2Fv2%2Fmedia&parent=45761"}],"wp:term":[{"taxonomy":"product_cat","embeddable":true,"href":"https:\/\/old.stoffe-autfizz.de\/index.php?rest_route=%2Fwp%2Fv2%2Fproduct_cat&post=45761"},{"taxonomy":"product_tag","embeddable":true,"href":"https:\/\/old.stoffe-autfizz.de\/index.php?rest_route=%2Fwp%2Fv2%2Fproduct_tag&post=45761"}],"curies":[{"name":"wp","href":"https:\/\/api.w.org\/{rel}","templated":true}]}}