{"id":45298,"date":"2022-07-13T20:54:18","date_gmt":"2022-07-13T18:54:18","guid":{"rendered":"https:\/\/stoffe-autfizz.de\/?post_type=product&#038;p=45298"},"modified":"2022-09-25T16:58:18","modified_gmt":"2022-09-25T14:58:18","slug":"bedruckter-viscosejersey-sog-kalte-ware-eines-namhaften-ital-modelabels","status":"publish","type":"product","link":"https:\/\/old.stoffe-autfizz.de\/?product=bedruckter-viscosejersey-sog-kalte-ware-eines-namhaften-ital-modelabels","title":{"rendered":"bedruckter Viscosejersey, sog. kalte Ware, eines namhaften ital. Modelabels"},"content":{"rendered":"<p>94 % Viscose, 6 % Elasthan<\/p>\n","protected":false},"excerpt":{"rendered":"<p>ein toller Mustermix, sehr gut fallend eines sehr gekannten ital. Modelabels und dieser Stoff ist ideal f\u00fcr Pallazzohosen, f\u00fcr Kleider und R\u00f6cke,<\/p>\n<p>dieser Stoff ist f\u00fcr heisse Temparaturen geeignet<\/p>\n<p>der Stoff hat einen Rapport von 2,0m<\/p>\n","protected":false},"featured_media":0,"comment_status":"open","ping_status":"closed","template":"","meta":[],"product_cat":[15,72,105,73,120,80],"product_tag":[114,454,212,216,124,171],"yoast_head":"<!-- This site is optimized with the Yoast SEO plugin v19.10 - https:\/\/yoast.com\/wordpress\/plugins\/seo\/ -->\n<title>bedruckter Viscosejersey, sog. kalte Ware, eines namhaften ital. Modelabels | autfizz<\/title>\n<meta name=\"robots\" content=\"index, follow, max-snippet:-1, max-image-preview:large, max-video-preview:-1\" \/>\n<link rel=\"canonical\" href=\"https:\/\/old.stoffe-autfizz.de\/?product=bedruckter-viscosejersey-sog-kalte-ware-eines-namhaften-ital-modelabels\" \/>\n<meta property=\"og:locale\" content=\"en_US\" \/>\n<meta property=\"og:type\" content=\"article\" \/>\n<meta property=\"og:title\" content=\"bedruckter Viscosejersey, sog. kalte Ware, eines namhaften ital. Modelabels | autfizz\" \/>\n<meta property=\"og:description\" content=\"ein toller Mustermix, sehr gut fallend eines sehr gekannten ital. Modelabels und dieser Stoff ist ideal f\u00fcr Pallazzohosen, f\u00fcr Kleider und R\u00f6cke,  dieser Stoff ist f\u00fcr heisse Temparaturen geeignet  der Stoff hat einen Rapport von 2,0m\" \/>\n<meta property=\"og:url\" content=\"https:\/\/old.stoffe-autfizz.de\/?product=bedruckter-viscosejersey-sog-kalte-ware-eines-namhaften-ital-modelabels\" \/>\n<meta property=\"og:site_name\" content=\"autfizz\" \/>\n<meta property=\"article:publisher\" content=\"https:\/\/www.facebook.com\/autfizz\" \/>\n<meta property=\"article:modified_time\" content=\"2022-09-25T14:58:18+00:00\" \/>\n<meta name=\"twitter:card\" content=\"summary_large_image\" \/>\n<meta name=\"twitter:site\" content=\"@autfizz\" \/>\n<script type=\"application\/ld+json\" class=\"yoast-schema-graph\">{\"@context\":\"https:\/\/schema.org\",\"@graph\":[{\"@type\":\"WebPage\",\"@id\":\"https:\/\/old.stoffe-autfizz.de\/?product=bedruckter-viscosejersey-sog-kalte-ware-eines-namhaften-ital-modelabels\",\"url\":\"https:\/\/old.stoffe-autfizz.de\/?product=bedruckter-viscosejersey-sog-kalte-ware-eines-namhaften-ital-modelabels\",\"name\":\"bedruckter Viscosejersey, sog. kalte Ware, eines namhaften ital. Modelabels | autfizz\",\"isPartOf\":{\"@id\":\"https:\/\/old.stoffe-autfizz.de\/#website\"},\"datePublished\":\"2022-07-13T18:54:18+00:00\",\"dateModified\":\"2022-09-25T14:58:18+00:00\",\"breadcrumb\":{\"@id\":\"https:\/\/old.stoffe-autfizz.de\/?product=bedruckter-viscosejersey-sog-kalte-ware-eines-namhaften-ital-modelabels#breadcrumb\"},\"inLanguage\":\"de\",\"potentialAction\":[{\"@type\":\"ReadAction\",\"target\":[\"https:\/\/old.stoffe-autfizz.de\/?product=bedruckter-viscosejersey-sog-kalte-ware-eines-namhaften-ital-modelabels\"]}]},{\"@type\":\"BreadcrumbList\",\"@id\":\"https:\/\/old.stoffe-autfizz.de\/?product=bedruckter-viscosejersey-sog-kalte-ware-eines-namhaften-ital-modelabels#breadcrumb\",\"itemListElement\":[{\"@type\":\"ListItem\",\"position\":1,\"name\":\"Startseite\",\"item\":\"https:\/\/old.stoffe-autfizz.de\/\"},{\"@type\":\"ListItem\",\"position\":2,\"name\":\"SHOP\",\"item\":\"https:\/\/old.stoffe-autfizz.de\/?page_id=11\"},{\"@type\":\"ListItem\",\"position\":3,\"name\":\"bedruckter Viscosejersey, sog. kalte Ware, eines namhaften ital. Modelabels\"}]},{\"@type\":\"WebSite\",\"@id\":\"https:\/\/old.stoffe-autfizz.de\/#website\",\"url\":\"https:\/\/old.stoffe-autfizz.de\/\",\"name\":\"autfizz\",\"description\":\"feine Stoffe\",\"publisher\":{\"@id\":\"https:\/\/old.stoffe-autfizz.de\/#organization\"},\"potentialAction\":[{\"@type\":\"SearchAction\",\"target\":{\"@type\":\"EntryPoint\",\"urlTemplate\":\"https:\/\/old.stoffe-autfizz.de\/?s={search_term_string}\"},\"query-input\":\"required name=search_term_string\"}],\"inLanguage\":\"de\"},{\"@type\":\"Organization\",\"@id\":\"https:\/\/old.stoffe-autfizz.de\/#organization\",\"name\":\"autfizz | Stoffgesch\u00e4ft in Rosenheim\",\"url\":\"https:\/\/old.stoffe-autfizz.de\/\",\"logo\":{\"@type\":\"ImageObject\",\"inLanguage\":\"de\",\"@id\":\"https:\/\/old.stoffe-autfizz.de\/#\/schema\/logo\/image\/\",\"url\":\"https:\/\/old.stoffe-autfizz.de\/wp-content\/uploads\/2018\/04\/Logo-autfizz_klein_100.jpg\",\"contentUrl\":\"https:\/\/old.stoffe-autfizz.de\/wp-content\/uploads\/2018\/04\/Logo-autfizz_klein_100.jpg\",\"width\":200,\"height\":100,\"caption\":\"autfizz | Stoffgesch\u00e4ft in Rosenheim\"},\"image\":{\"@id\":\"https:\/\/old.stoffe-autfizz.de\/#\/schema\/logo\/image\/\"},\"sameAs\":[\"https:\/\/www.instagram.com\/autfizz_feine_stoffe\",\"https:\/\/www.facebook.com\/autfizz\",\"https:\/\/twitter.com\/autfizz\"]}]}<\/script>\n<!-- \/ Yoast SEO plugin. -->","yoast_head_json":{"title":"bedruckter Viscosejersey, sog. kalte Ware, eines namhaften ital. Modelabels | autfizz","robots":{"index":"index","follow":"follow","max-snippet":"max-snippet:-1","max-image-preview":"max-image-preview:large","max-video-preview":"max-video-preview:-1"},"canonical":"https:\/\/old.stoffe-autfizz.de\/?product=bedruckter-viscosejersey-sog-kalte-ware-eines-namhaften-ital-modelabels","og_locale":"en_US","og_type":"article","og_title":"bedruckter Viscosejersey, sog. kalte Ware, eines namhaften ital. Modelabels | autfizz","og_description":"ein toller Mustermix, sehr gut fallend eines sehr gekannten ital. Modelabels und dieser Stoff ist ideal f\u00fcr Pallazzohosen, f\u00fcr Kleider und R\u00f6cke,  dieser Stoff ist f\u00fcr heisse Temparaturen geeignet  der Stoff hat einen Rapport von 2,0m","og_url":"https:\/\/old.stoffe-autfizz.de\/?product=bedruckter-viscosejersey-sog-kalte-ware-eines-namhaften-ital-modelabels","og_site_name":"autfizz","article_publisher":"https:\/\/www.facebook.com\/autfizz","article_modified_time":"2022-09-25T14:58:18+00:00","twitter_card":"summary_large_image","twitter_site":"@autfizz","schema":{"@context":"https:\/\/schema.org","@graph":[{"@type":"WebPage","@id":"https:\/\/old.stoffe-autfizz.de\/?product=bedruckter-viscosejersey-sog-kalte-ware-eines-namhaften-ital-modelabels","url":"https:\/\/old.stoffe-autfizz.de\/?product=bedruckter-viscosejersey-sog-kalte-ware-eines-namhaften-ital-modelabels","name":"bedruckter Viscosejersey, sog. kalte Ware, eines namhaften ital. Modelabels | autfizz","isPartOf":{"@id":"https:\/\/old.stoffe-autfizz.de\/#website"},"datePublished":"2022-07-13T18:54:18+00:00","dateModified":"2022-09-25T14:58:18+00:00","breadcrumb":{"@id":"https:\/\/old.stoffe-autfizz.de\/?product=bedruckter-viscosejersey-sog-kalte-ware-eines-namhaften-ital-modelabels#breadcrumb"},"inLanguage":"de","potentialAction":[{"@type":"ReadAction","target":["https:\/\/old.stoffe-autfizz.de\/?product=bedruckter-viscosejersey-sog-kalte-ware-eines-namhaften-ital-modelabels"]}]},{"@type":"BreadcrumbList","@id":"https:\/\/old.stoffe-autfizz.de\/?product=bedruckter-viscosejersey-sog-kalte-ware-eines-namhaften-ital-modelabels#breadcrumb","itemListElement":[{"@type":"ListItem","position":1,"name":"Startseite","item":"https:\/\/old.stoffe-autfizz.de\/"},{"@type":"ListItem","position":2,"name":"SHOP","item":"https:\/\/old.stoffe-autfizz.de\/?page_id=11"},{"@type":"ListItem","position":3,"name":"bedruckter Viscosejersey, sog. kalte Ware, eines namhaften ital. Modelabels"}]},{"@type":"WebSite","@id":"https:\/\/old.stoffe-autfizz.de\/#website","url":"https:\/\/old.stoffe-autfizz.de\/","name":"autfizz","description":"feine Stoffe","publisher":{"@id":"https:\/\/old.stoffe-autfizz.de\/#organization"},"potentialAction":[{"@type":"SearchAction","target":{"@type":"EntryPoint","urlTemplate":"https:\/\/old.stoffe-autfizz.de\/?s={search_term_string}"},"query-input":"required name=search_term_string"}],"inLanguage":"de"},{"@type":"Organization","@id":"https:\/\/old.stoffe-autfizz.de\/#organization","name":"autfizz | Stoffgesch\u00e4ft in Rosenheim","url":"https:\/\/old.stoffe-autfizz.de\/","logo":{"@type":"ImageObject","inLanguage":"de","@id":"https:\/\/old.stoffe-autfizz.de\/#\/schema\/logo\/image\/","url":"https:\/\/old.stoffe-autfizz.de\/wp-content\/uploads\/2018\/04\/Logo-autfizz_klein_100.jpg","contentUrl":"https:\/\/old.stoffe-autfizz.de\/wp-content\/uploads\/2018\/04\/Logo-autfizz_klein_100.jpg","width":200,"height":100,"caption":"autfizz | Stoffgesch\u00e4ft in Rosenheim"},"image":{"@id":"https:\/\/old.stoffe-autfizz.de\/#\/schema\/logo\/image\/"},"sameAs":["https:\/\/www.instagram.com\/autfizz_feine_stoffe","https:\/\/www.facebook.com\/autfizz","https:\/\/twitter.com\/autfizz"]}]}},"_links":{"self":[{"href":"https:\/\/old.stoffe-autfizz.de\/index.php?rest_route=\/wp\/v3\/product\/45298"}],"collection":[{"href":"https:\/\/old.stoffe-autfizz.de\/index.php?rest_route=\/wp\/v3\/product"}],"about":[{"href":"https:\/\/old.stoffe-autfizz.de\/index.php?rest_route=\/wp\/v2\/types\/product"}],"replies":[{"embeddable":true,"href":"https:\/\/old.stoffe-autfizz.de\/index.php?rest_route=%2Fwp%2Fv2%2Fcomments&post=45298"}],"wp:attachment":[{"href":"https:\/\/old.stoffe-autfizz.de\/index.php?rest_route=%2Fwp%2Fv2%2Fmedia&parent=45298"}],"wp:term":[{"taxonomy":"product_cat","embeddable":true,"href":"https:\/\/old.stoffe-autfizz.de\/index.php?rest_route=%2Fwp%2Fv2%2Fproduct_cat&post=45298"},{"taxonomy":"product_tag","embeddable":true,"href":"https:\/\/old.stoffe-autfizz.de\/index.php?rest_route=%2Fwp%2Fv2%2Fproduct_tag&post=45298"}],"curies":[{"name":"wp","href":"https:\/\/api.w.org\/{rel}","templated":true}]}}