{"id":44395,"date":"2022-05-22T20:41:52","date_gmt":"2022-05-22T18:41:52","guid":{"rendered":"https:\/\/stoffe-autfizz.de\/?post_type=product&#038;p=44395"},"modified":"2022-06-22T17:22:47","modified_gmt":"2022-06-22T15:22:47","slug":"bedruckter-gestretchter-seidencrepe-eines-bekannten-ital-modelabels-12","status":"publish","type":"product","link":"https:\/\/old.stoffe-autfizz.de\/?product=bedruckter-gestretchter-seidencrepe-eines-bekannten-ital-modelabels-12","title":{"rendered":"bedruckter, gestretchter Seidencrepe eines bekannten ital. Modelabels"},"content":{"rendered":"<p>95 % Seide, 5 % Elasthan<\/p>\n","protected":false},"excerpt":{"rendered":"<p>ein erster neuer Herbstvorbote eines \u00a0bekannten ital. Modelabels mit einem stylischen Druck in einer sehr sch\u00f6nen Farbgestaltung, f\u00fcr tolle Kleider, Tops und auch sehr sch\u00f6n f\u00fcr weite R\u00f6cke<\/p>\n","protected":false},"featured_media":44387,"comment_status":"open","ping_status":"closed","template":"","meta":[],"product_cat":[72,105,120,79,117],"product_tag":[471,126,114,122,216,77],"yoast_head":"<!-- This site is optimized with the Yoast SEO plugin v19.10 - https:\/\/yoast.com\/wordpress\/plugins\/seo\/ -->\n<title>bedruckter, gestretchter Seidencrepe eines bekannten ital. Modelabels | autfizz<\/title>\n<meta name=\"robots\" content=\"index, follow, max-snippet:-1, max-image-preview:large, max-video-preview:-1\" \/>\n<link rel=\"canonical\" href=\"https:\/\/old.stoffe-autfizz.de\/?product=bedruckter-gestretchter-seidencrepe-eines-bekannten-ital-modelabels-12\" \/>\n<meta property=\"og:locale\" content=\"en_US\" \/>\n<meta property=\"og:type\" content=\"article\" \/>\n<meta property=\"og:title\" content=\"bedruckter, gestretchter Seidencrepe eines bekannten ital. Modelabels | autfizz\" \/>\n<meta property=\"og:description\" content=\"ein erster neuer Herbstvorbote eines \u00a0bekannten ital. Modelabels mit einem stylischen Druck in einer sehr sch\u00f6nen Farbgestaltung, f\u00fcr tolle Kleider, Tops und auch sehr sch\u00f6n f\u00fcr weite R\u00f6cke\" \/>\n<meta property=\"og:url\" content=\"https:\/\/old.stoffe-autfizz.de\/?product=bedruckter-gestretchter-seidencrepe-eines-bekannten-ital-modelabels-12\" \/>\n<meta property=\"og:site_name\" content=\"autfizz\" \/>\n<meta property=\"article:publisher\" content=\"https:\/\/www.facebook.com\/autfizz\" \/>\n<meta property=\"article:modified_time\" content=\"2022-06-22T15:22:47+00:00\" \/>\n<meta property=\"og:image\" content=\"https:\/\/old.stoffe-autfizz.de\/wp-content\/uploads\/2022\/05\/summer8-3.jpg\" \/>\n\t<meta property=\"og:image:width\" content=\"650\" \/>\n\t<meta property=\"og:image:height\" content=\"867\" \/>\n\t<meta property=\"og:image:type\" content=\"image\/jpeg\" \/>\n<meta name=\"twitter:card\" content=\"summary_large_image\" \/>\n<meta name=\"twitter:site\" content=\"@autfizz\" \/>\n<meta name=\"twitter:label1\" content=\"Gesch\u00e4tzte Lesezeit\" \/>\n\t<meta name=\"twitter:data1\" content=\"1\u00a0Minute\" \/>\n<script type=\"application\/ld+json\" class=\"yoast-schema-graph\">{\"@context\":\"https:\/\/schema.org\",\"@graph\":[{\"@type\":\"WebPage\",\"@id\":\"https:\/\/old.stoffe-autfizz.de\/?product=bedruckter-gestretchter-seidencrepe-eines-bekannten-ital-modelabels-12\",\"url\":\"https:\/\/old.stoffe-autfizz.de\/?product=bedruckter-gestretchter-seidencrepe-eines-bekannten-ital-modelabels-12\",\"name\":\"bedruckter, gestretchter Seidencrepe eines bekannten ital. Modelabels | autfizz\",\"isPartOf\":{\"@id\":\"https:\/\/old.stoffe-autfizz.de\/#website\"},\"datePublished\":\"2022-05-22T18:41:52+00:00\",\"dateModified\":\"2022-06-22T15:22:47+00:00\",\"breadcrumb\":{\"@id\":\"https:\/\/old.stoffe-autfizz.de\/?product=bedruckter-gestretchter-seidencrepe-eines-bekannten-ital-modelabels-12#breadcrumb\"},\"inLanguage\":\"de\",\"potentialAction\":[{\"@type\":\"ReadAction\",\"target\":[\"https:\/\/old.stoffe-autfizz.de\/?product=bedruckter-gestretchter-seidencrepe-eines-bekannten-ital-modelabels-12\"]}]},{\"@type\":\"BreadcrumbList\",\"@id\":\"https:\/\/old.stoffe-autfizz.de\/?product=bedruckter-gestretchter-seidencrepe-eines-bekannten-ital-modelabels-12#breadcrumb\",\"itemListElement\":[{\"@type\":\"ListItem\",\"position\":1,\"name\":\"Startseite\",\"item\":\"https:\/\/old.stoffe-autfizz.de\/\"},{\"@type\":\"ListItem\",\"position\":2,\"name\":\"SHOP\",\"item\":\"https:\/\/old.stoffe-autfizz.de\/?page_id=11\"},{\"@type\":\"ListItem\",\"position\":3,\"name\":\"bedruckter, gestretchter Seidencrepe eines bekannten ital. Modelabels\"}]},{\"@type\":\"WebSite\",\"@id\":\"https:\/\/old.stoffe-autfizz.de\/#website\",\"url\":\"https:\/\/old.stoffe-autfizz.de\/\",\"name\":\"autfizz\",\"description\":\"feine Stoffe\",\"publisher\":{\"@id\":\"https:\/\/old.stoffe-autfizz.de\/#organization\"},\"potentialAction\":[{\"@type\":\"SearchAction\",\"target\":{\"@type\":\"EntryPoint\",\"urlTemplate\":\"https:\/\/old.stoffe-autfizz.de\/?s={search_term_string}\"},\"query-input\":\"required name=search_term_string\"}],\"inLanguage\":\"de\"},{\"@type\":\"Organization\",\"@id\":\"https:\/\/old.stoffe-autfizz.de\/#organization\",\"name\":\"autfizz | Stoffgesch\u00e4ft in Rosenheim\",\"url\":\"https:\/\/old.stoffe-autfizz.de\/\",\"logo\":{\"@type\":\"ImageObject\",\"inLanguage\":\"de\",\"@id\":\"https:\/\/old.stoffe-autfizz.de\/#\/schema\/logo\/image\/\",\"url\":\"https:\/\/old.stoffe-autfizz.de\/wp-content\/uploads\/2018\/04\/Logo-autfizz_klein_100.jpg\",\"contentUrl\":\"https:\/\/old.stoffe-autfizz.de\/wp-content\/uploads\/2018\/04\/Logo-autfizz_klein_100.jpg\",\"width\":200,\"height\":100,\"caption\":\"autfizz | Stoffgesch\u00e4ft in Rosenheim\"},\"image\":{\"@id\":\"https:\/\/old.stoffe-autfizz.de\/#\/schema\/logo\/image\/\"},\"sameAs\":[\"https:\/\/www.instagram.com\/autfizz_feine_stoffe\",\"https:\/\/www.facebook.com\/autfizz\",\"https:\/\/twitter.com\/autfizz\"]}]}<\/script>\n<!-- \/ Yoast SEO plugin. -->","yoast_head_json":{"title":"bedruckter, gestretchter Seidencrepe eines bekannten ital. Modelabels | autfizz","robots":{"index":"index","follow":"follow","max-snippet":"max-snippet:-1","max-image-preview":"max-image-preview:large","max-video-preview":"max-video-preview:-1"},"canonical":"https:\/\/old.stoffe-autfizz.de\/?product=bedruckter-gestretchter-seidencrepe-eines-bekannten-ital-modelabels-12","og_locale":"en_US","og_type":"article","og_title":"bedruckter, gestretchter Seidencrepe eines bekannten ital. Modelabels | autfizz","og_description":"ein erster neuer Herbstvorbote eines \u00a0bekannten ital. Modelabels mit einem stylischen Druck in einer sehr sch\u00f6nen Farbgestaltung, f\u00fcr tolle Kleider, Tops und auch sehr sch\u00f6n f\u00fcr weite R\u00f6cke","og_url":"https:\/\/old.stoffe-autfizz.de\/?product=bedruckter-gestretchter-seidencrepe-eines-bekannten-ital-modelabels-12","og_site_name":"autfizz","article_publisher":"https:\/\/www.facebook.com\/autfizz","article_modified_time":"2022-06-22T15:22:47+00:00","og_image":[{"width":650,"height":867,"url":"https:\/\/old.stoffe-autfizz.de\/wp-content\/uploads\/2022\/05\/summer8-3.jpg","type":"image\/jpeg"}],"twitter_card":"summary_large_image","twitter_site":"@autfizz","twitter_misc":{"Gesch\u00e4tzte Lesezeit":"1\u00a0Minute"},"schema":{"@context":"https:\/\/schema.org","@graph":[{"@type":"WebPage","@id":"https:\/\/old.stoffe-autfizz.de\/?product=bedruckter-gestretchter-seidencrepe-eines-bekannten-ital-modelabels-12","url":"https:\/\/old.stoffe-autfizz.de\/?product=bedruckter-gestretchter-seidencrepe-eines-bekannten-ital-modelabels-12","name":"bedruckter, gestretchter Seidencrepe eines bekannten ital. Modelabels | autfizz","isPartOf":{"@id":"https:\/\/old.stoffe-autfizz.de\/#website"},"datePublished":"2022-05-22T18:41:52+00:00","dateModified":"2022-06-22T15:22:47+00:00","breadcrumb":{"@id":"https:\/\/old.stoffe-autfizz.de\/?product=bedruckter-gestretchter-seidencrepe-eines-bekannten-ital-modelabels-12#breadcrumb"},"inLanguage":"de","potentialAction":[{"@type":"ReadAction","target":["https:\/\/old.stoffe-autfizz.de\/?product=bedruckter-gestretchter-seidencrepe-eines-bekannten-ital-modelabels-12"]}]},{"@type":"BreadcrumbList","@id":"https:\/\/old.stoffe-autfizz.de\/?product=bedruckter-gestretchter-seidencrepe-eines-bekannten-ital-modelabels-12#breadcrumb","itemListElement":[{"@type":"ListItem","position":1,"name":"Startseite","item":"https:\/\/old.stoffe-autfizz.de\/"},{"@type":"ListItem","position":2,"name":"SHOP","item":"https:\/\/old.stoffe-autfizz.de\/?page_id=11"},{"@type":"ListItem","position":3,"name":"bedruckter, gestretchter Seidencrepe eines bekannten ital. Modelabels"}]},{"@type":"WebSite","@id":"https:\/\/old.stoffe-autfizz.de\/#website","url":"https:\/\/old.stoffe-autfizz.de\/","name":"autfizz","description":"feine Stoffe","publisher":{"@id":"https:\/\/old.stoffe-autfizz.de\/#organization"},"potentialAction":[{"@type":"SearchAction","target":{"@type":"EntryPoint","urlTemplate":"https:\/\/old.stoffe-autfizz.de\/?s={search_term_string}"},"query-input":"required name=search_term_string"}],"inLanguage":"de"},{"@type":"Organization","@id":"https:\/\/old.stoffe-autfizz.de\/#organization","name":"autfizz | Stoffgesch\u00e4ft in Rosenheim","url":"https:\/\/old.stoffe-autfizz.de\/","logo":{"@type":"ImageObject","inLanguage":"de","@id":"https:\/\/old.stoffe-autfizz.de\/#\/schema\/logo\/image\/","url":"https:\/\/old.stoffe-autfizz.de\/wp-content\/uploads\/2018\/04\/Logo-autfizz_klein_100.jpg","contentUrl":"https:\/\/old.stoffe-autfizz.de\/wp-content\/uploads\/2018\/04\/Logo-autfizz_klein_100.jpg","width":200,"height":100,"caption":"autfizz | Stoffgesch\u00e4ft in Rosenheim"},"image":{"@id":"https:\/\/old.stoffe-autfizz.de\/#\/schema\/logo\/image\/"},"sameAs":["https:\/\/www.instagram.com\/autfizz_feine_stoffe","https:\/\/www.facebook.com\/autfizz","https:\/\/twitter.com\/autfizz"]}]}},"_links":{"self":[{"href":"https:\/\/old.stoffe-autfizz.de\/index.php?rest_route=\/wp\/v3\/product\/44395"}],"collection":[{"href":"https:\/\/old.stoffe-autfizz.de\/index.php?rest_route=\/wp\/v3\/product"}],"about":[{"href":"https:\/\/old.stoffe-autfizz.de\/index.php?rest_route=\/wp\/v2\/types\/product"}],"replies":[{"embeddable":true,"href":"https:\/\/old.stoffe-autfizz.de\/index.php?rest_route=%2Fwp%2Fv2%2Fcomments&post=44395"}],"wp:featuredmedia":[{"embeddable":true,"href":"https:\/\/old.stoffe-autfizz.de\/index.php?rest_route=\/wp\/v2\/media\/44387"}],"wp:attachment":[{"href":"https:\/\/old.stoffe-autfizz.de\/index.php?rest_route=%2Fwp%2Fv2%2Fmedia&parent=44395"}],"wp:term":[{"taxonomy":"product_cat","embeddable":true,"href":"https:\/\/old.stoffe-autfizz.de\/index.php?rest_route=%2Fwp%2Fv2%2Fproduct_cat&post=44395"},{"taxonomy":"product_tag","embeddable":true,"href":"https:\/\/old.stoffe-autfizz.de\/index.php?rest_route=%2Fwp%2Fv2%2Fproduct_tag&post=44395"}],"curies":[{"name":"wp","href":"https:\/\/api.w.org\/{rel}","templated":true}]}}