{"id":43089,"date":"2022-04-03T11:53:32","date_gmt":"2022-04-03T09:53:32","guid":{"rendered":"https:\/\/stoffe-autfizz.de\/?post_type=product&#038;p=43089"},"modified":"2022-11-05T18:07:50","modified_gmt":"2022-11-05T17:07:50","slug":"gewebter-leinenstoff-neu-aus-italien","status":"publish","type":"product","link":"https:\/\/old.stoffe-autfizz.de\/?product=gewebter-leinenstoff-neu-aus-italien","title":{"rendered":"gewebter Leinenstoff, neu aus Italien"},"content":{"rendered":"<p>100 % Leinen<\/p>\n","protected":false},"excerpt":{"rendered":"<p>ein wundersch\u00f6nes Leinen in einem eher klassischen Karomuster, aber durch die Farbkombination total neu in der Optik, dazu passend gibt es in dem Gr\u00fcnton ein Uni dazu<\/p>\n<p>nat\u00fcrlich kann man einen Blazer daraus n\u00e4hen, aber viel stylischer ist eine lange Hemdjacke als Sommerversion, ein Kleid, ein Rock schmal oder weit und auch eine weite Hose, am besten ohne Seitennaht, damit man nicht darauf achten muss, dass das Karomuster an der Seitennaht \u00fcbereinstimmt<\/p>\n","protected":false},"featured_media":42775,"comment_status":"open","ping_status":"closed","template":"","meta":[],"product_cat":[15,72,105,81,150,120,79,80],"product_tag":[114,427,1407,216],"yoast_head":"<!-- This site is optimized with the Yoast SEO plugin v19.10 - https:\/\/yoast.com\/wordpress\/plugins\/seo\/ -->\n<title>gewebter Leinenstoff, neu aus Italien | autfizz<\/title>\n<meta name=\"robots\" content=\"index, follow, max-snippet:-1, max-image-preview:large, max-video-preview:-1\" \/>\n<link rel=\"canonical\" href=\"https:\/\/old.stoffe-autfizz.de\/?product=gewebter-leinenstoff-neu-aus-italien\" \/>\n<meta property=\"og:locale\" content=\"en_US\" \/>\n<meta property=\"og:type\" content=\"article\" \/>\n<meta property=\"og:title\" content=\"gewebter Leinenstoff, neu aus Italien | autfizz\" \/>\n<meta property=\"og:description\" content=\"ein wundersch\u00f6nes Leinen in einem eher klassischen Karomuster, aber durch die Farbkombination total neu in der Optik, dazu passend gibt es in dem Gr\u00fcnton ein Uni dazu  nat\u00fcrlich kann man einen Blazer daraus n\u00e4hen, aber viel stylischer ist eine lange Hemdjacke als Sommerversion, ein Kleid, ein Rock schmal oder weit und auch eine weite Hose, am besten ohne Seitennaht, damit man nicht darauf achten muss, dass das Karomuster an der Seitennaht \u00fcbereinstimmt\" \/>\n<meta property=\"og:url\" content=\"https:\/\/old.stoffe-autfizz.de\/?product=gewebter-leinenstoff-neu-aus-italien\" \/>\n<meta property=\"og:site_name\" content=\"autfizz\" \/>\n<meta property=\"article:publisher\" content=\"https:\/\/www.facebook.com\/autfizz\" \/>\n<meta property=\"article:modified_time\" content=\"2022-11-05T17:07:50+00:00\" \/>\n<meta property=\"og:image\" content=\"https:\/\/old.stoffe-autfizz.de\/wp-content\/uploads\/2022\/03\/italia33.jpg\" \/>\n\t<meta property=\"og:image:width\" content=\"650\" \/>\n\t<meta property=\"og:image:height\" content=\"867\" \/>\n\t<meta property=\"og:image:type\" content=\"image\/jpeg\" \/>\n<meta name=\"twitter:card\" content=\"summary_large_image\" \/>\n<meta name=\"twitter:site\" content=\"@autfizz\" \/>\n<meta name=\"twitter:label1\" content=\"Gesch\u00e4tzte Lesezeit\" \/>\n\t<meta name=\"twitter:data1\" content=\"1\u00a0Minute\" \/>\n<script type=\"application\/ld+json\" class=\"yoast-schema-graph\">{\"@context\":\"https:\/\/schema.org\",\"@graph\":[{\"@type\":\"WebPage\",\"@id\":\"https:\/\/old.stoffe-autfizz.de\/?product=gewebter-leinenstoff-neu-aus-italien\",\"url\":\"https:\/\/old.stoffe-autfizz.de\/?product=gewebter-leinenstoff-neu-aus-italien\",\"name\":\"gewebter Leinenstoff, neu aus Italien | autfizz\",\"isPartOf\":{\"@id\":\"https:\/\/old.stoffe-autfizz.de\/#website\"},\"datePublished\":\"2022-04-03T09:53:32+00:00\",\"dateModified\":\"2022-11-05T17:07:50+00:00\",\"breadcrumb\":{\"@id\":\"https:\/\/old.stoffe-autfizz.de\/?product=gewebter-leinenstoff-neu-aus-italien#breadcrumb\"},\"inLanguage\":\"de\",\"potentialAction\":[{\"@type\":\"ReadAction\",\"target\":[\"https:\/\/old.stoffe-autfizz.de\/?product=gewebter-leinenstoff-neu-aus-italien\"]}]},{\"@type\":\"BreadcrumbList\",\"@id\":\"https:\/\/old.stoffe-autfizz.de\/?product=gewebter-leinenstoff-neu-aus-italien#breadcrumb\",\"itemListElement\":[{\"@type\":\"ListItem\",\"position\":1,\"name\":\"Startseite\",\"item\":\"https:\/\/old.stoffe-autfizz.de\/\"},{\"@type\":\"ListItem\",\"position\":2,\"name\":\"SHOP\",\"item\":\"https:\/\/old.stoffe-autfizz.de\/?page_id=11\"},{\"@type\":\"ListItem\",\"position\":3,\"name\":\"gewebter Leinenstoff, neu aus Italien\"}]},{\"@type\":\"WebSite\",\"@id\":\"https:\/\/old.stoffe-autfizz.de\/#website\",\"url\":\"https:\/\/old.stoffe-autfizz.de\/\",\"name\":\"autfizz\",\"description\":\"feine Stoffe\",\"publisher\":{\"@id\":\"https:\/\/old.stoffe-autfizz.de\/#organization\"},\"potentialAction\":[{\"@type\":\"SearchAction\",\"target\":{\"@type\":\"EntryPoint\",\"urlTemplate\":\"https:\/\/old.stoffe-autfizz.de\/?s={search_term_string}\"},\"query-input\":\"required name=search_term_string\"}],\"inLanguage\":\"de\"},{\"@type\":\"Organization\",\"@id\":\"https:\/\/old.stoffe-autfizz.de\/#organization\",\"name\":\"autfizz | Stoffgesch\u00e4ft in Rosenheim\",\"url\":\"https:\/\/old.stoffe-autfizz.de\/\",\"logo\":{\"@type\":\"ImageObject\",\"inLanguage\":\"de\",\"@id\":\"https:\/\/old.stoffe-autfizz.de\/#\/schema\/logo\/image\/\",\"url\":\"https:\/\/old.stoffe-autfizz.de\/wp-content\/uploads\/2018\/04\/Logo-autfizz_klein_100.jpg\",\"contentUrl\":\"https:\/\/old.stoffe-autfizz.de\/wp-content\/uploads\/2018\/04\/Logo-autfizz_klein_100.jpg\",\"width\":200,\"height\":100,\"caption\":\"autfizz | Stoffgesch\u00e4ft in Rosenheim\"},\"image\":{\"@id\":\"https:\/\/old.stoffe-autfizz.de\/#\/schema\/logo\/image\/\"},\"sameAs\":[\"https:\/\/www.instagram.com\/autfizz_feine_stoffe\",\"https:\/\/www.facebook.com\/autfizz\",\"https:\/\/twitter.com\/autfizz\"]}]}<\/script>\n<!-- \/ Yoast SEO plugin. -->","yoast_head_json":{"title":"gewebter Leinenstoff, neu aus Italien | autfizz","robots":{"index":"index","follow":"follow","max-snippet":"max-snippet:-1","max-image-preview":"max-image-preview:large","max-video-preview":"max-video-preview:-1"},"canonical":"https:\/\/old.stoffe-autfizz.de\/?product=gewebter-leinenstoff-neu-aus-italien","og_locale":"en_US","og_type":"article","og_title":"gewebter Leinenstoff, neu aus Italien | autfizz","og_description":"ein wundersch\u00f6nes Leinen in einem eher klassischen Karomuster, aber durch die Farbkombination total neu in der Optik, dazu passend gibt es in dem Gr\u00fcnton ein Uni dazu  nat\u00fcrlich kann man einen Blazer daraus n\u00e4hen, aber viel stylischer ist eine lange Hemdjacke als Sommerversion, ein Kleid, ein Rock schmal oder weit und auch eine weite Hose, am besten ohne Seitennaht, damit man nicht darauf achten muss, dass das Karomuster an der Seitennaht \u00fcbereinstimmt","og_url":"https:\/\/old.stoffe-autfizz.de\/?product=gewebter-leinenstoff-neu-aus-italien","og_site_name":"autfizz","article_publisher":"https:\/\/www.facebook.com\/autfizz","article_modified_time":"2022-11-05T17:07:50+00:00","og_image":[{"width":650,"height":867,"url":"https:\/\/old.stoffe-autfizz.de\/wp-content\/uploads\/2022\/03\/italia33.jpg","type":"image\/jpeg"}],"twitter_card":"summary_large_image","twitter_site":"@autfizz","twitter_misc":{"Gesch\u00e4tzte Lesezeit":"1\u00a0Minute"},"schema":{"@context":"https:\/\/schema.org","@graph":[{"@type":"WebPage","@id":"https:\/\/old.stoffe-autfizz.de\/?product=gewebter-leinenstoff-neu-aus-italien","url":"https:\/\/old.stoffe-autfizz.de\/?product=gewebter-leinenstoff-neu-aus-italien","name":"gewebter Leinenstoff, neu aus Italien | autfizz","isPartOf":{"@id":"https:\/\/old.stoffe-autfizz.de\/#website"},"datePublished":"2022-04-03T09:53:32+00:00","dateModified":"2022-11-05T17:07:50+00:00","breadcrumb":{"@id":"https:\/\/old.stoffe-autfizz.de\/?product=gewebter-leinenstoff-neu-aus-italien#breadcrumb"},"inLanguage":"de","potentialAction":[{"@type":"ReadAction","target":["https:\/\/old.stoffe-autfizz.de\/?product=gewebter-leinenstoff-neu-aus-italien"]}]},{"@type":"BreadcrumbList","@id":"https:\/\/old.stoffe-autfizz.de\/?product=gewebter-leinenstoff-neu-aus-italien#breadcrumb","itemListElement":[{"@type":"ListItem","position":1,"name":"Startseite","item":"https:\/\/old.stoffe-autfizz.de\/"},{"@type":"ListItem","position":2,"name":"SHOP","item":"https:\/\/old.stoffe-autfizz.de\/?page_id=11"},{"@type":"ListItem","position":3,"name":"gewebter Leinenstoff, neu aus Italien"}]},{"@type":"WebSite","@id":"https:\/\/old.stoffe-autfizz.de\/#website","url":"https:\/\/old.stoffe-autfizz.de\/","name":"autfizz","description":"feine Stoffe","publisher":{"@id":"https:\/\/old.stoffe-autfizz.de\/#organization"},"potentialAction":[{"@type":"SearchAction","target":{"@type":"EntryPoint","urlTemplate":"https:\/\/old.stoffe-autfizz.de\/?s={search_term_string}"},"query-input":"required name=search_term_string"}],"inLanguage":"de"},{"@type":"Organization","@id":"https:\/\/old.stoffe-autfizz.de\/#organization","name":"autfizz | Stoffgesch\u00e4ft in Rosenheim","url":"https:\/\/old.stoffe-autfizz.de\/","logo":{"@type":"ImageObject","inLanguage":"de","@id":"https:\/\/old.stoffe-autfizz.de\/#\/schema\/logo\/image\/","url":"https:\/\/old.stoffe-autfizz.de\/wp-content\/uploads\/2018\/04\/Logo-autfizz_klein_100.jpg","contentUrl":"https:\/\/old.stoffe-autfizz.de\/wp-content\/uploads\/2018\/04\/Logo-autfizz_klein_100.jpg","width":200,"height":100,"caption":"autfizz | Stoffgesch\u00e4ft in Rosenheim"},"image":{"@id":"https:\/\/old.stoffe-autfizz.de\/#\/schema\/logo\/image\/"},"sameAs":["https:\/\/www.instagram.com\/autfizz_feine_stoffe","https:\/\/www.facebook.com\/autfizz","https:\/\/twitter.com\/autfizz"]}]}},"_links":{"self":[{"href":"https:\/\/old.stoffe-autfizz.de\/index.php?rest_route=\/wp\/v3\/product\/43089"}],"collection":[{"href":"https:\/\/old.stoffe-autfizz.de\/index.php?rest_route=\/wp\/v3\/product"}],"about":[{"href":"https:\/\/old.stoffe-autfizz.de\/index.php?rest_route=\/wp\/v2\/types\/product"}],"replies":[{"embeddable":true,"href":"https:\/\/old.stoffe-autfizz.de\/index.php?rest_route=%2Fwp%2Fv2%2Fcomments&post=43089"}],"wp:featuredmedia":[{"embeddable":true,"href":"https:\/\/old.stoffe-autfizz.de\/index.php?rest_route=\/wp\/v2\/media\/42775"}],"wp:attachment":[{"href":"https:\/\/old.stoffe-autfizz.de\/index.php?rest_route=%2Fwp%2Fv2%2Fmedia&parent=43089"}],"wp:term":[{"taxonomy":"product_cat","embeddable":true,"href":"https:\/\/old.stoffe-autfizz.de\/index.php?rest_route=%2Fwp%2Fv2%2Fproduct_cat&post=43089"},{"taxonomy":"product_tag","embeddable":true,"href":"https:\/\/old.stoffe-autfizz.de\/index.php?rest_route=%2Fwp%2Fv2%2Fproduct_tag&post=43089"}],"curies":[{"name":"wp","href":"https:\/\/api.w.org\/{rel}","templated":true}]}}