{"id":42664,"date":"2022-03-23T22:29:20","date_gmt":"2022-03-23T21:29:20","guid":{"rendered":"https:\/\/stoffe-autfizz.de\/?post_type=product&#038;p=42664"},"modified":"2022-07-04T17:45:11","modified_gmt":"2022-07-04T15:45:11","slug":"ital-hanfpopeline-neu-aus-italien-3","status":"publish","type":"product","link":"https:\/\/old.stoffe-autfizz.de\/?product=ital-hanfpopeline-neu-aus-italien-3","title":{"rendered":"ital. Hanfleinen, neu aus Italien"},"content":{"rendered":"<p>100 % Hanf<\/p>\n","protected":false},"excerpt":{"rendered":"<p>Hanf ist eine der \u00e4ltesten Nutzpflanzen der Welt, die Nachweise reichen bis in das Jahr2800 v. Chr. zur\u00fcck.Dies ist insbesondere durch seine Anspruchlosigkeit an das Anbauklima oder die Bodenressourcen begr\u00fcndet. Beim Anbau ben\u00f6tigt die Hanfpflanze weder Pflanzenschutz noch Insektenschutzmittel. Hanf ist sehr schnell wachsend und von Natur aus sehr widerstandsf\u00e4hig. Die Hanfpflanze kann man zu den umweltschonendsten Fasern mit gleichzeitig hervorragender \u00d6kobilanz z\u00e4hlen. Trageeigenschaften: Kleidung aus Hanffaser ist strapazierf\u00e4hig, langlebig, atmungsaktiv, feuchtigkeitsregulierend, w\u00e4rmeregulierend und vor allem antiallergen. Durch den Anbau ohne Chemie verf\u00fcgt die Textilfaser \u00fcber eine sehr gute Hautvertr\u00e4glichkeit, was Allergien ausschliesst.<\/p>\n<p>Der Stoff hat eine ganz tolle Haptik und eignet sich hervorragend f\u00fcr Kleider, Oberteile, R\u00f6cke und Hosen, er wirkt sportlich elegant<\/p>\n<p>&nbsp;<\/p>\n","protected":false},"featured_media":42655,"comment_status":"open","ping_status":"closed","template":"","meta":[],"product_cat":[15,72,1365,120,79,91],"product_tag":[670,1368],"yoast_head":"<!-- This site is optimized with the Yoast SEO plugin v19.10 - https:\/\/yoast.com\/wordpress\/plugins\/seo\/ -->\n<title>ital. Hanfleinen, neu aus Italien | autfizz<\/title>\n<meta name=\"robots\" content=\"index, follow, max-snippet:-1, max-image-preview:large, max-video-preview:-1\" \/>\n<link rel=\"canonical\" href=\"https:\/\/old.stoffe-autfizz.de\/?product=ital-hanfpopeline-neu-aus-italien-3\" \/>\n<meta property=\"og:locale\" content=\"en_US\" \/>\n<meta property=\"og:type\" content=\"article\" \/>\n<meta property=\"og:title\" content=\"ital. Hanfleinen, neu aus Italien | autfizz\" \/>\n<meta property=\"og:description\" content=\"Hanf ist eine der \u00e4ltesten Nutzpflanzen der Welt, die Nachweise reichen bis in das Jahr2800 v. Chr. zur\u00fcck.Dies ist insbesondere durch seine Anspruchlosigkeit an das Anbauklima oder die Bodenressourcen begr\u00fcndet. Beim Anbau ben\u00f6tigt die Hanfpflanze weder Pflanzenschutz noch Insektenschutzmittel. Hanf ist sehr schnell wachsend und von Natur aus sehr widerstandsf\u00e4hig. Die Hanfpflanze kann man zu den umweltschonendsten Fasern mit gleichzeitig hervorragender \u00d6kobilanz z\u00e4hlen. Trageeigenschaften: Kleidung aus Hanffaser ist strapazierf\u00e4hig, langlebig, atmungsaktiv, feuchtigkeitsregulierend, w\u00e4rmeregulierend und vor allem antiallergen. Durch den Anbau ohne Chemie verf\u00fcgt die Textilfaser \u00fcber eine sehr gute Hautvertr\u00e4glichkeit, was Allergien ausschliesst.  Der Stoff hat eine ganz tolle Haptik und eignet sich hervorragend f\u00fcr Kleider, Oberteile, R\u00f6cke und Hosen, er wirkt sportlich elegant  &nbsp;\" \/>\n<meta property=\"og:url\" content=\"https:\/\/old.stoffe-autfizz.de\/?product=ital-hanfpopeline-neu-aus-italien-3\" \/>\n<meta property=\"og:site_name\" content=\"autfizz\" \/>\n<meta property=\"article:publisher\" content=\"https:\/\/www.facebook.com\/autfizz\" \/>\n<meta property=\"article:modified_time\" content=\"2022-07-04T15:45:11+00:00\" \/>\n<meta property=\"og:image\" content=\"https:\/\/old.stoffe-autfizz.de\/wp-content\/uploads\/2022\/03\/spring18-2.jpg\" \/>\n\t<meta property=\"og:image:width\" content=\"650\" \/>\n\t<meta property=\"og:image:height\" content=\"867\" \/>\n\t<meta property=\"og:image:type\" content=\"image\/jpeg\" \/>\n<meta name=\"twitter:card\" content=\"summary_large_image\" \/>\n<meta name=\"twitter:site\" content=\"@autfizz\" \/>\n<meta name=\"twitter:label1\" content=\"Gesch\u00e4tzte Lesezeit\" \/>\n\t<meta name=\"twitter:data1\" content=\"1\u00a0Minute\" \/>\n<script type=\"application\/ld+json\" class=\"yoast-schema-graph\">{\"@context\":\"https:\/\/schema.org\",\"@graph\":[{\"@type\":\"WebPage\",\"@id\":\"https:\/\/old.stoffe-autfizz.de\/?product=ital-hanfpopeline-neu-aus-italien-3\",\"url\":\"https:\/\/old.stoffe-autfizz.de\/?product=ital-hanfpopeline-neu-aus-italien-3\",\"name\":\"ital. Hanfleinen, neu aus Italien | autfizz\",\"isPartOf\":{\"@id\":\"https:\/\/old.stoffe-autfizz.de\/#website\"},\"datePublished\":\"2022-03-23T21:29:20+00:00\",\"dateModified\":\"2022-07-04T15:45:11+00:00\",\"breadcrumb\":{\"@id\":\"https:\/\/old.stoffe-autfizz.de\/?product=ital-hanfpopeline-neu-aus-italien-3#breadcrumb\"},\"inLanguage\":\"de\",\"potentialAction\":[{\"@type\":\"ReadAction\",\"target\":[\"https:\/\/old.stoffe-autfizz.de\/?product=ital-hanfpopeline-neu-aus-italien-3\"]}]},{\"@type\":\"BreadcrumbList\",\"@id\":\"https:\/\/old.stoffe-autfizz.de\/?product=ital-hanfpopeline-neu-aus-italien-3#breadcrumb\",\"itemListElement\":[{\"@type\":\"ListItem\",\"position\":1,\"name\":\"Startseite\",\"item\":\"https:\/\/old.stoffe-autfizz.de\/\"},{\"@type\":\"ListItem\",\"position\":2,\"name\":\"SHOP\",\"item\":\"https:\/\/old.stoffe-autfizz.de\/?page_id=11\"},{\"@type\":\"ListItem\",\"position\":3,\"name\":\"ital. Hanfleinen, neu aus Italien\"}]},{\"@type\":\"WebSite\",\"@id\":\"https:\/\/old.stoffe-autfizz.de\/#website\",\"url\":\"https:\/\/old.stoffe-autfizz.de\/\",\"name\":\"autfizz\",\"description\":\"feine Stoffe\",\"publisher\":{\"@id\":\"https:\/\/old.stoffe-autfizz.de\/#organization\"},\"potentialAction\":[{\"@type\":\"SearchAction\",\"target\":{\"@type\":\"EntryPoint\",\"urlTemplate\":\"https:\/\/old.stoffe-autfizz.de\/?s={search_term_string}\"},\"query-input\":\"required name=search_term_string\"}],\"inLanguage\":\"de\"},{\"@type\":\"Organization\",\"@id\":\"https:\/\/old.stoffe-autfizz.de\/#organization\",\"name\":\"autfizz | Stoffgesch\u00e4ft in Rosenheim\",\"url\":\"https:\/\/old.stoffe-autfizz.de\/\",\"logo\":{\"@type\":\"ImageObject\",\"inLanguage\":\"de\",\"@id\":\"https:\/\/old.stoffe-autfizz.de\/#\/schema\/logo\/image\/\",\"url\":\"https:\/\/old.stoffe-autfizz.de\/wp-content\/uploads\/2018\/04\/Logo-autfizz_klein_100.jpg\",\"contentUrl\":\"https:\/\/old.stoffe-autfizz.de\/wp-content\/uploads\/2018\/04\/Logo-autfizz_klein_100.jpg\",\"width\":200,\"height\":100,\"caption\":\"autfizz | Stoffgesch\u00e4ft in Rosenheim\"},\"image\":{\"@id\":\"https:\/\/old.stoffe-autfizz.de\/#\/schema\/logo\/image\/\"},\"sameAs\":[\"https:\/\/www.instagram.com\/autfizz_feine_stoffe\",\"https:\/\/www.facebook.com\/autfizz\",\"https:\/\/twitter.com\/autfizz\"]}]}<\/script>\n<!-- \/ Yoast SEO plugin. -->","yoast_head_json":{"title":"ital. Hanfleinen, neu aus Italien | autfizz","robots":{"index":"index","follow":"follow","max-snippet":"max-snippet:-1","max-image-preview":"max-image-preview:large","max-video-preview":"max-video-preview:-1"},"canonical":"https:\/\/old.stoffe-autfizz.de\/?product=ital-hanfpopeline-neu-aus-italien-3","og_locale":"en_US","og_type":"article","og_title":"ital. Hanfleinen, neu aus Italien | autfizz","og_description":"Hanf ist eine der \u00e4ltesten Nutzpflanzen der Welt, die Nachweise reichen bis in das Jahr2800 v. Chr. zur\u00fcck.Dies ist insbesondere durch seine Anspruchlosigkeit an das Anbauklima oder die Bodenressourcen begr\u00fcndet. Beim Anbau ben\u00f6tigt die Hanfpflanze weder Pflanzenschutz noch Insektenschutzmittel. Hanf ist sehr schnell wachsend und von Natur aus sehr widerstandsf\u00e4hig. Die Hanfpflanze kann man zu den umweltschonendsten Fasern mit gleichzeitig hervorragender \u00d6kobilanz z\u00e4hlen. Trageeigenschaften: Kleidung aus Hanffaser ist strapazierf\u00e4hig, langlebig, atmungsaktiv, feuchtigkeitsregulierend, w\u00e4rmeregulierend und vor allem antiallergen. Durch den Anbau ohne Chemie verf\u00fcgt die Textilfaser \u00fcber eine sehr gute Hautvertr\u00e4glichkeit, was Allergien ausschliesst.  Der Stoff hat eine ganz tolle Haptik und eignet sich hervorragend f\u00fcr Kleider, Oberteile, R\u00f6cke und Hosen, er wirkt sportlich elegant  &nbsp;","og_url":"https:\/\/old.stoffe-autfizz.de\/?product=ital-hanfpopeline-neu-aus-italien-3","og_site_name":"autfizz","article_publisher":"https:\/\/www.facebook.com\/autfizz","article_modified_time":"2022-07-04T15:45:11+00:00","og_image":[{"width":650,"height":867,"url":"https:\/\/old.stoffe-autfizz.de\/wp-content\/uploads\/2022\/03\/spring18-2.jpg","type":"image\/jpeg"}],"twitter_card":"summary_large_image","twitter_site":"@autfizz","twitter_misc":{"Gesch\u00e4tzte Lesezeit":"1\u00a0Minute"},"schema":{"@context":"https:\/\/schema.org","@graph":[{"@type":"WebPage","@id":"https:\/\/old.stoffe-autfizz.de\/?product=ital-hanfpopeline-neu-aus-italien-3","url":"https:\/\/old.stoffe-autfizz.de\/?product=ital-hanfpopeline-neu-aus-italien-3","name":"ital. Hanfleinen, neu aus Italien | autfizz","isPartOf":{"@id":"https:\/\/old.stoffe-autfizz.de\/#website"},"datePublished":"2022-03-23T21:29:20+00:00","dateModified":"2022-07-04T15:45:11+00:00","breadcrumb":{"@id":"https:\/\/old.stoffe-autfizz.de\/?product=ital-hanfpopeline-neu-aus-italien-3#breadcrumb"},"inLanguage":"de","potentialAction":[{"@type":"ReadAction","target":["https:\/\/old.stoffe-autfizz.de\/?product=ital-hanfpopeline-neu-aus-italien-3"]}]},{"@type":"BreadcrumbList","@id":"https:\/\/old.stoffe-autfizz.de\/?product=ital-hanfpopeline-neu-aus-italien-3#breadcrumb","itemListElement":[{"@type":"ListItem","position":1,"name":"Startseite","item":"https:\/\/old.stoffe-autfizz.de\/"},{"@type":"ListItem","position":2,"name":"SHOP","item":"https:\/\/old.stoffe-autfizz.de\/?page_id=11"},{"@type":"ListItem","position":3,"name":"ital. Hanfleinen, neu aus Italien"}]},{"@type":"WebSite","@id":"https:\/\/old.stoffe-autfizz.de\/#website","url":"https:\/\/old.stoffe-autfizz.de\/","name":"autfizz","description":"feine Stoffe","publisher":{"@id":"https:\/\/old.stoffe-autfizz.de\/#organization"},"potentialAction":[{"@type":"SearchAction","target":{"@type":"EntryPoint","urlTemplate":"https:\/\/old.stoffe-autfizz.de\/?s={search_term_string}"},"query-input":"required name=search_term_string"}],"inLanguage":"de"},{"@type":"Organization","@id":"https:\/\/old.stoffe-autfizz.de\/#organization","name":"autfizz | Stoffgesch\u00e4ft in Rosenheim","url":"https:\/\/old.stoffe-autfizz.de\/","logo":{"@type":"ImageObject","inLanguage":"de","@id":"https:\/\/old.stoffe-autfizz.de\/#\/schema\/logo\/image\/","url":"https:\/\/old.stoffe-autfizz.de\/wp-content\/uploads\/2018\/04\/Logo-autfizz_klein_100.jpg","contentUrl":"https:\/\/old.stoffe-autfizz.de\/wp-content\/uploads\/2018\/04\/Logo-autfizz_klein_100.jpg","width":200,"height":100,"caption":"autfizz | Stoffgesch\u00e4ft in Rosenheim"},"image":{"@id":"https:\/\/old.stoffe-autfizz.de\/#\/schema\/logo\/image\/"},"sameAs":["https:\/\/www.instagram.com\/autfizz_feine_stoffe","https:\/\/www.facebook.com\/autfizz","https:\/\/twitter.com\/autfizz"]}]}},"_links":{"self":[{"href":"https:\/\/old.stoffe-autfizz.de\/index.php?rest_route=\/wp\/v3\/product\/42664"}],"collection":[{"href":"https:\/\/old.stoffe-autfizz.de\/index.php?rest_route=\/wp\/v3\/product"}],"about":[{"href":"https:\/\/old.stoffe-autfizz.de\/index.php?rest_route=\/wp\/v2\/types\/product"}],"replies":[{"embeddable":true,"href":"https:\/\/old.stoffe-autfizz.de\/index.php?rest_route=%2Fwp%2Fv2%2Fcomments&post=42664"}],"wp:featuredmedia":[{"embeddable":true,"href":"https:\/\/old.stoffe-autfizz.de\/index.php?rest_route=\/wp\/v2\/media\/42655"}],"wp:attachment":[{"href":"https:\/\/old.stoffe-autfizz.de\/index.php?rest_route=%2Fwp%2Fv2%2Fmedia&parent=42664"}],"wp:term":[{"taxonomy":"product_cat","embeddable":true,"href":"https:\/\/old.stoffe-autfizz.de\/index.php?rest_route=%2Fwp%2Fv2%2Fproduct_cat&post=42664"},{"taxonomy":"product_tag","embeddable":true,"href":"https:\/\/old.stoffe-autfizz.de\/index.php?rest_route=%2Fwp%2Fv2%2Fproduct_tag&post=42664"}],"curies":[{"name":"wp","href":"https:\/\/api.w.org\/{rel}","templated":true}]}}