{"id":41952,"date":"2022-02-26T16:44:46","date_gmt":"2022-02-26T15:44:46","guid":{"rendered":"https:\/\/stoffe-autfizz.de\/?post_type=product&#038;p=41952"},"modified":"2022-10-23T20:52:51","modified_gmt":"2022-10-23T18:52:51","slug":"unsere-neuen-gestretchten-popeline-eines-deutschen-bekannten-modelabels-2","status":"publish","type":"product","link":"https:\/\/old.stoffe-autfizz.de\/?product=unsere-neuen-gestretchten-popeline-eines-deutschen-bekannten-modelabels-2","title":{"rendered":"unsere neuen gestretchten Popeline eines deutschen, bekannten Modelabels"},"content":{"rendered":"<p>70 % Baumwolle, 26 % PA, 4 % Elasthan<\/p>\n","protected":false},"excerpt":{"rendered":"<p>eine wundersch\u00f6ne Popelineware, leicht gestretcht, daher ein hoher Tragekomfort und damit auch sch\u00f6n zu vern\u00e4hen, die ideal ist f\u00fcr Kleider, Blusen, weite Hosen und R\u00f6cke,<\/p>\n<p>auch Kleider mit Volants z.B. die Nelina oder die Valentina oder die Thora&#8230;&#8230;<\/p>\n","protected":false},"featured_media":41932,"comment_status":"open","ping_status":"closed","template":"","meta":[],"product_cat":[15,72,78,107,120,79,108,91],"product_tag":[114,206],"yoast_head":"<!-- This site is optimized with the Yoast SEO plugin v19.10 - https:\/\/yoast.com\/wordpress\/plugins\/seo\/ -->\n<title>unsere neuen gestretchten Popeline eines deutschen, bekannten Modelabels | autfizz<\/title>\n<meta name=\"robots\" content=\"index, follow, max-snippet:-1, max-image-preview:large, max-video-preview:-1\" \/>\n<link rel=\"canonical\" href=\"https:\/\/old.stoffe-autfizz.de\/?product=unsere-neuen-gestretchten-popeline-eines-deutschen-bekannten-modelabels-2\" \/>\n<meta property=\"og:locale\" content=\"en_US\" \/>\n<meta property=\"og:type\" content=\"article\" \/>\n<meta property=\"og:title\" content=\"unsere neuen gestretchten Popeline eines deutschen, bekannten Modelabels | autfizz\" \/>\n<meta property=\"og:description\" content=\"eine wundersch\u00f6ne Popelineware, leicht gestretcht, daher ein hoher Tragekomfort und damit auch sch\u00f6n zu vern\u00e4hen, die ideal ist f\u00fcr Kleider, Blusen, weite Hosen und R\u00f6cke,  auch Kleider mit Volants z.B. die Nelina oder die Valentina oder die Thora......\" \/>\n<meta property=\"og:url\" content=\"https:\/\/old.stoffe-autfizz.de\/?product=unsere-neuen-gestretchten-popeline-eines-deutschen-bekannten-modelabels-2\" \/>\n<meta property=\"og:site_name\" content=\"autfizz\" \/>\n<meta property=\"article:publisher\" content=\"https:\/\/www.facebook.com\/autfizz\" \/>\n<meta property=\"article:modified_time\" content=\"2022-10-23T18:52:51+00:00\" \/>\n<meta property=\"og:image\" content=\"https:\/\/old.stoffe-autfizz.de\/wp-content\/uploads\/2022\/02\/springfeb32-2.jpg\" \/>\n\t<meta property=\"og:image:width\" content=\"650\" \/>\n\t<meta property=\"og:image:height\" content=\"867\" \/>\n\t<meta property=\"og:image:type\" content=\"image\/jpeg\" \/>\n<meta name=\"twitter:card\" content=\"summary_large_image\" \/>\n<meta name=\"twitter:site\" content=\"@autfizz\" \/>\n<meta name=\"twitter:label1\" content=\"Gesch\u00e4tzte Lesezeit\" \/>\n\t<meta name=\"twitter:data1\" content=\"1\u00a0Minute\" \/>\n<script type=\"application\/ld+json\" class=\"yoast-schema-graph\">{\"@context\":\"https:\/\/schema.org\",\"@graph\":[{\"@type\":\"WebPage\",\"@id\":\"https:\/\/old.stoffe-autfizz.de\/?product=unsere-neuen-gestretchten-popeline-eines-deutschen-bekannten-modelabels-2\",\"url\":\"https:\/\/old.stoffe-autfizz.de\/?product=unsere-neuen-gestretchten-popeline-eines-deutschen-bekannten-modelabels-2\",\"name\":\"unsere neuen gestretchten Popeline eines deutschen, bekannten Modelabels | autfizz\",\"isPartOf\":{\"@id\":\"https:\/\/old.stoffe-autfizz.de\/#website\"},\"datePublished\":\"2022-02-26T15:44:46+00:00\",\"dateModified\":\"2022-10-23T18:52:51+00:00\",\"breadcrumb\":{\"@id\":\"https:\/\/old.stoffe-autfizz.de\/?product=unsere-neuen-gestretchten-popeline-eines-deutschen-bekannten-modelabels-2#breadcrumb\"},\"inLanguage\":\"de\",\"potentialAction\":[{\"@type\":\"ReadAction\",\"target\":[\"https:\/\/old.stoffe-autfizz.de\/?product=unsere-neuen-gestretchten-popeline-eines-deutschen-bekannten-modelabels-2\"]}]},{\"@type\":\"BreadcrumbList\",\"@id\":\"https:\/\/old.stoffe-autfizz.de\/?product=unsere-neuen-gestretchten-popeline-eines-deutschen-bekannten-modelabels-2#breadcrumb\",\"itemListElement\":[{\"@type\":\"ListItem\",\"position\":1,\"name\":\"Startseite\",\"item\":\"https:\/\/old.stoffe-autfizz.de\/\"},{\"@type\":\"ListItem\",\"position\":2,\"name\":\"SHOP\",\"item\":\"https:\/\/old.stoffe-autfizz.de\/?page_id=11\"},{\"@type\":\"ListItem\",\"position\":3,\"name\":\"unsere neuen gestretchten Popeline eines deutschen, bekannten Modelabels\"}]},{\"@type\":\"WebSite\",\"@id\":\"https:\/\/old.stoffe-autfizz.de\/#website\",\"url\":\"https:\/\/old.stoffe-autfizz.de\/\",\"name\":\"autfizz\",\"description\":\"feine Stoffe\",\"publisher\":{\"@id\":\"https:\/\/old.stoffe-autfizz.de\/#organization\"},\"potentialAction\":[{\"@type\":\"SearchAction\",\"target\":{\"@type\":\"EntryPoint\",\"urlTemplate\":\"https:\/\/old.stoffe-autfizz.de\/?s={search_term_string}\"},\"query-input\":\"required name=search_term_string\"}],\"inLanguage\":\"de\"},{\"@type\":\"Organization\",\"@id\":\"https:\/\/old.stoffe-autfizz.de\/#organization\",\"name\":\"autfizz | Stoffgesch\u00e4ft in Rosenheim\",\"url\":\"https:\/\/old.stoffe-autfizz.de\/\",\"logo\":{\"@type\":\"ImageObject\",\"inLanguage\":\"de\",\"@id\":\"https:\/\/old.stoffe-autfizz.de\/#\/schema\/logo\/image\/\",\"url\":\"https:\/\/old.stoffe-autfizz.de\/wp-content\/uploads\/2018\/04\/Logo-autfizz_klein_100.jpg\",\"contentUrl\":\"https:\/\/old.stoffe-autfizz.de\/wp-content\/uploads\/2018\/04\/Logo-autfizz_klein_100.jpg\",\"width\":200,\"height\":100,\"caption\":\"autfizz | Stoffgesch\u00e4ft in Rosenheim\"},\"image\":{\"@id\":\"https:\/\/old.stoffe-autfizz.de\/#\/schema\/logo\/image\/\"},\"sameAs\":[\"https:\/\/www.instagram.com\/autfizz_feine_stoffe\",\"https:\/\/www.facebook.com\/autfizz\",\"https:\/\/twitter.com\/autfizz\"]}]}<\/script>\n<!-- \/ Yoast SEO plugin. -->","yoast_head_json":{"title":"unsere neuen gestretchten Popeline eines deutschen, bekannten Modelabels | autfizz","robots":{"index":"index","follow":"follow","max-snippet":"max-snippet:-1","max-image-preview":"max-image-preview:large","max-video-preview":"max-video-preview:-1"},"canonical":"https:\/\/old.stoffe-autfizz.de\/?product=unsere-neuen-gestretchten-popeline-eines-deutschen-bekannten-modelabels-2","og_locale":"en_US","og_type":"article","og_title":"unsere neuen gestretchten Popeline eines deutschen, bekannten Modelabels | autfizz","og_description":"eine wundersch\u00f6ne Popelineware, leicht gestretcht, daher ein hoher Tragekomfort und damit auch sch\u00f6n zu vern\u00e4hen, die ideal ist f\u00fcr Kleider, Blusen, weite Hosen und R\u00f6cke,  auch Kleider mit Volants z.B. die Nelina oder die Valentina oder die Thora......","og_url":"https:\/\/old.stoffe-autfizz.de\/?product=unsere-neuen-gestretchten-popeline-eines-deutschen-bekannten-modelabels-2","og_site_name":"autfizz","article_publisher":"https:\/\/www.facebook.com\/autfizz","article_modified_time":"2022-10-23T18:52:51+00:00","og_image":[{"width":650,"height":867,"url":"https:\/\/old.stoffe-autfizz.de\/wp-content\/uploads\/2022\/02\/springfeb32-2.jpg","type":"image\/jpeg"}],"twitter_card":"summary_large_image","twitter_site":"@autfizz","twitter_misc":{"Gesch\u00e4tzte Lesezeit":"1\u00a0Minute"},"schema":{"@context":"https:\/\/schema.org","@graph":[{"@type":"WebPage","@id":"https:\/\/old.stoffe-autfizz.de\/?product=unsere-neuen-gestretchten-popeline-eines-deutschen-bekannten-modelabels-2","url":"https:\/\/old.stoffe-autfizz.de\/?product=unsere-neuen-gestretchten-popeline-eines-deutschen-bekannten-modelabels-2","name":"unsere neuen gestretchten Popeline eines deutschen, bekannten Modelabels | autfizz","isPartOf":{"@id":"https:\/\/old.stoffe-autfizz.de\/#website"},"datePublished":"2022-02-26T15:44:46+00:00","dateModified":"2022-10-23T18:52:51+00:00","breadcrumb":{"@id":"https:\/\/old.stoffe-autfizz.de\/?product=unsere-neuen-gestretchten-popeline-eines-deutschen-bekannten-modelabels-2#breadcrumb"},"inLanguage":"de","potentialAction":[{"@type":"ReadAction","target":["https:\/\/old.stoffe-autfizz.de\/?product=unsere-neuen-gestretchten-popeline-eines-deutschen-bekannten-modelabels-2"]}]},{"@type":"BreadcrumbList","@id":"https:\/\/old.stoffe-autfizz.de\/?product=unsere-neuen-gestretchten-popeline-eines-deutschen-bekannten-modelabels-2#breadcrumb","itemListElement":[{"@type":"ListItem","position":1,"name":"Startseite","item":"https:\/\/old.stoffe-autfizz.de\/"},{"@type":"ListItem","position":2,"name":"SHOP","item":"https:\/\/old.stoffe-autfizz.de\/?page_id=11"},{"@type":"ListItem","position":3,"name":"unsere neuen gestretchten Popeline eines deutschen, bekannten Modelabels"}]},{"@type":"WebSite","@id":"https:\/\/old.stoffe-autfizz.de\/#website","url":"https:\/\/old.stoffe-autfizz.de\/","name":"autfizz","description":"feine Stoffe","publisher":{"@id":"https:\/\/old.stoffe-autfizz.de\/#organization"},"potentialAction":[{"@type":"SearchAction","target":{"@type":"EntryPoint","urlTemplate":"https:\/\/old.stoffe-autfizz.de\/?s={search_term_string}"},"query-input":"required name=search_term_string"}],"inLanguage":"de"},{"@type":"Organization","@id":"https:\/\/old.stoffe-autfizz.de\/#organization","name":"autfizz | Stoffgesch\u00e4ft in Rosenheim","url":"https:\/\/old.stoffe-autfizz.de\/","logo":{"@type":"ImageObject","inLanguage":"de","@id":"https:\/\/old.stoffe-autfizz.de\/#\/schema\/logo\/image\/","url":"https:\/\/old.stoffe-autfizz.de\/wp-content\/uploads\/2018\/04\/Logo-autfizz_klein_100.jpg","contentUrl":"https:\/\/old.stoffe-autfizz.de\/wp-content\/uploads\/2018\/04\/Logo-autfizz_klein_100.jpg","width":200,"height":100,"caption":"autfizz | Stoffgesch\u00e4ft in Rosenheim"},"image":{"@id":"https:\/\/old.stoffe-autfizz.de\/#\/schema\/logo\/image\/"},"sameAs":["https:\/\/www.instagram.com\/autfizz_feine_stoffe","https:\/\/www.facebook.com\/autfizz","https:\/\/twitter.com\/autfizz"]}]}},"_links":{"self":[{"href":"https:\/\/old.stoffe-autfizz.de\/index.php?rest_route=\/wp\/v3\/product\/41952"}],"collection":[{"href":"https:\/\/old.stoffe-autfizz.de\/index.php?rest_route=\/wp\/v3\/product"}],"about":[{"href":"https:\/\/old.stoffe-autfizz.de\/index.php?rest_route=\/wp\/v2\/types\/product"}],"replies":[{"embeddable":true,"href":"https:\/\/old.stoffe-autfizz.de\/index.php?rest_route=%2Fwp%2Fv2%2Fcomments&post=41952"}],"wp:featuredmedia":[{"embeddable":true,"href":"https:\/\/old.stoffe-autfizz.de\/index.php?rest_route=\/wp\/v2\/media\/41932"}],"wp:attachment":[{"href":"https:\/\/old.stoffe-autfizz.de\/index.php?rest_route=%2Fwp%2Fv2%2Fmedia&parent=41952"}],"wp:term":[{"taxonomy":"product_cat","embeddable":true,"href":"https:\/\/old.stoffe-autfizz.de\/index.php?rest_route=%2Fwp%2Fv2%2Fproduct_cat&post=41952"},{"taxonomy":"product_tag","embeddable":true,"href":"https:\/\/old.stoffe-autfizz.de\/index.php?rest_route=%2Fwp%2Fv2%2Fproduct_tag&post=41952"}],"curies":[{"name":"wp","href":"https:\/\/api.w.org\/{rel}","templated":true}]}}