{"id":41183,"date":"2022-02-04T12:15:41","date_gmt":"2022-02-04T11:15:41","guid":{"rendered":"https:\/\/stoffe-autfizz.de\/?post_type=product&#038;p=41183"},"modified":"2022-06-08T15:38:03","modified_gmt":"2022-06-08T13:38:03","slug":"baumwoll-streifenstickerei-kollektion-toptex","status":"publish","type":"product","link":"https:\/\/old.stoffe-autfizz.de\/?product=baumwoll-streifenstickerei-kollektion-toptex","title":{"rendered":"Baumwoll-Streifenstickerei &#8211; Kollektion TOPTEX &#8211;"},"content":{"rendered":"<p>100 % Baumwolle<\/p>\n","protected":false},"excerpt":{"rendered":"<p>eine leichte Baumwollware, fast wie Batist, daher etwas transparent, die aber durch die Stickerei wieder eine gewisse Festigkeit erh\u00e4lt, sehr sch\u00f6n f\u00fcr Stufenkleider, und Oberteilh\u00e4ngerchen, auch geeignet f\u00fcr weite R\u00f6cke,<\/p>\n<p>dieser Stoff ist etwas dunkler, als abgebildet, bei Interesse fordern Sie bitte in Muster an<\/p>\n","protected":false},"featured_media":41068,"comment_status":"open","ping_status":"closed","template":"","meta":[],"product_cat":[15,72,78,120,125,80],"product_tag":[140,608,1320],"yoast_head":"<!-- This site is optimized with the Yoast SEO plugin v19.10 - https:\/\/yoast.com\/wordpress\/plugins\/seo\/ -->\n<title>Baumwoll-Streifenstickerei - Kollektion TOPTEX - | autfizz<\/title>\n<meta name=\"robots\" content=\"index, follow, max-snippet:-1, max-image-preview:large, max-video-preview:-1\" \/>\n<link rel=\"canonical\" href=\"https:\/\/old.stoffe-autfizz.de\/?product=baumwoll-streifenstickerei-kollektion-toptex\" \/>\n<meta property=\"og:locale\" content=\"en_US\" \/>\n<meta property=\"og:type\" content=\"article\" \/>\n<meta property=\"og:title\" content=\"Baumwoll-Streifenstickerei - Kollektion TOPTEX - | autfizz\" \/>\n<meta property=\"og:description\" content=\"eine leichte Baumwollware, fast wie Batist, daher etwas transparent, die aber durch die Stickerei wieder eine gewisse Festigkeit erh\u00e4lt, sehr sch\u00f6n f\u00fcr Stufenkleider, und Oberteilh\u00e4ngerchen, auch geeignet f\u00fcr weite R\u00f6cke,  dieser Stoff ist etwas dunkler, als abgebildet, bei Interesse fordern Sie bitte in Muster an\" \/>\n<meta property=\"og:url\" content=\"https:\/\/old.stoffe-autfizz.de\/?product=baumwoll-streifenstickerei-kollektion-toptex\" \/>\n<meta property=\"og:site_name\" content=\"autfizz\" \/>\n<meta property=\"article:publisher\" content=\"https:\/\/www.facebook.com\/autfizz\" \/>\n<meta property=\"article:modified_time\" content=\"2022-06-08T13:38:03+00:00\" \/>\n<meta property=\"og:image\" content=\"https:\/\/old.stoffe-autfizz.de\/wp-content\/uploads\/2022\/02\/springfeb1.jpg\" \/>\n\t<meta property=\"og:image:width\" content=\"650\" \/>\n\t<meta property=\"og:image:height\" content=\"867\" \/>\n\t<meta property=\"og:image:type\" content=\"image\/jpeg\" \/>\n<meta name=\"twitter:card\" content=\"summary_large_image\" \/>\n<meta name=\"twitter:site\" content=\"@autfizz\" \/>\n<meta name=\"twitter:label1\" content=\"Gesch\u00e4tzte Lesezeit\" \/>\n\t<meta name=\"twitter:data1\" content=\"1\u00a0Minute\" \/>\n<script type=\"application\/ld+json\" class=\"yoast-schema-graph\">{\"@context\":\"https:\/\/schema.org\",\"@graph\":[{\"@type\":\"WebPage\",\"@id\":\"https:\/\/old.stoffe-autfizz.de\/?product=baumwoll-streifenstickerei-kollektion-toptex\",\"url\":\"https:\/\/old.stoffe-autfizz.de\/?product=baumwoll-streifenstickerei-kollektion-toptex\",\"name\":\"Baumwoll-Streifenstickerei - Kollektion TOPTEX - | autfizz\",\"isPartOf\":{\"@id\":\"https:\/\/old.stoffe-autfizz.de\/#website\"},\"datePublished\":\"2022-02-04T11:15:41+00:00\",\"dateModified\":\"2022-06-08T13:38:03+00:00\",\"breadcrumb\":{\"@id\":\"https:\/\/old.stoffe-autfizz.de\/?product=baumwoll-streifenstickerei-kollektion-toptex#breadcrumb\"},\"inLanguage\":\"de\",\"potentialAction\":[{\"@type\":\"ReadAction\",\"target\":[\"https:\/\/old.stoffe-autfizz.de\/?product=baumwoll-streifenstickerei-kollektion-toptex\"]}]},{\"@type\":\"BreadcrumbList\",\"@id\":\"https:\/\/old.stoffe-autfizz.de\/?product=baumwoll-streifenstickerei-kollektion-toptex#breadcrumb\",\"itemListElement\":[{\"@type\":\"ListItem\",\"position\":1,\"name\":\"Startseite\",\"item\":\"https:\/\/old.stoffe-autfizz.de\/\"},{\"@type\":\"ListItem\",\"position\":2,\"name\":\"SHOP\",\"item\":\"https:\/\/old.stoffe-autfizz.de\/?page_id=11\"},{\"@type\":\"ListItem\",\"position\":3,\"name\":\"Baumwoll-Streifenstickerei &#8211; Kollektion TOPTEX &#8211;\"}]},{\"@type\":\"WebSite\",\"@id\":\"https:\/\/old.stoffe-autfizz.de\/#website\",\"url\":\"https:\/\/old.stoffe-autfizz.de\/\",\"name\":\"autfizz\",\"description\":\"feine Stoffe\",\"publisher\":{\"@id\":\"https:\/\/old.stoffe-autfizz.de\/#organization\"},\"potentialAction\":[{\"@type\":\"SearchAction\",\"target\":{\"@type\":\"EntryPoint\",\"urlTemplate\":\"https:\/\/old.stoffe-autfizz.de\/?s={search_term_string}\"},\"query-input\":\"required name=search_term_string\"}],\"inLanguage\":\"de\"},{\"@type\":\"Organization\",\"@id\":\"https:\/\/old.stoffe-autfizz.de\/#organization\",\"name\":\"autfizz | Stoffgesch\u00e4ft in Rosenheim\",\"url\":\"https:\/\/old.stoffe-autfizz.de\/\",\"logo\":{\"@type\":\"ImageObject\",\"inLanguage\":\"de\",\"@id\":\"https:\/\/old.stoffe-autfizz.de\/#\/schema\/logo\/image\/\",\"url\":\"https:\/\/old.stoffe-autfizz.de\/wp-content\/uploads\/2018\/04\/Logo-autfizz_klein_100.jpg\",\"contentUrl\":\"https:\/\/old.stoffe-autfizz.de\/wp-content\/uploads\/2018\/04\/Logo-autfizz_klein_100.jpg\",\"width\":200,\"height\":100,\"caption\":\"autfizz | Stoffgesch\u00e4ft in Rosenheim\"},\"image\":{\"@id\":\"https:\/\/old.stoffe-autfizz.de\/#\/schema\/logo\/image\/\"},\"sameAs\":[\"https:\/\/www.instagram.com\/autfizz_feine_stoffe\",\"https:\/\/www.facebook.com\/autfizz\",\"https:\/\/twitter.com\/autfizz\"]}]}<\/script>\n<!-- \/ Yoast SEO plugin. -->","yoast_head_json":{"title":"Baumwoll-Streifenstickerei - Kollektion TOPTEX - | autfizz","robots":{"index":"index","follow":"follow","max-snippet":"max-snippet:-1","max-image-preview":"max-image-preview:large","max-video-preview":"max-video-preview:-1"},"canonical":"https:\/\/old.stoffe-autfizz.de\/?product=baumwoll-streifenstickerei-kollektion-toptex","og_locale":"en_US","og_type":"article","og_title":"Baumwoll-Streifenstickerei - Kollektion TOPTEX - | autfizz","og_description":"eine leichte Baumwollware, fast wie Batist, daher etwas transparent, die aber durch die Stickerei wieder eine gewisse Festigkeit erh\u00e4lt, sehr sch\u00f6n f\u00fcr Stufenkleider, und Oberteilh\u00e4ngerchen, auch geeignet f\u00fcr weite R\u00f6cke,  dieser Stoff ist etwas dunkler, als abgebildet, bei Interesse fordern Sie bitte in Muster an","og_url":"https:\/\/old.stoffe-autfizz.de\/?product=baumwoll-streifenstickerei-kollektion-toptex","og_site_name":"autfizz","article_publisher":"https:\/\/www.facebook.com\/autfizz","article_modified_time":"2022-06-08T13:38:03+00:00","og_image":[{"width":650,"height":867,"url":"https:\/\/old.stoffe-autfizz.de\/wp-content\/uploads\/2022\/02\/springfeb1.jpg","type":"image\/jpeg"}],"twitter_card":"summary_large_image","twitter_site":"@autfizz","twitter_misc":{"Gesch\u00e4tzte Lesezeit":"1\u00a0Minute"},"schema":{"@context":"https:\/\/schema.org","@graph":[{"@type":"WebPage","@id":"https:\/\/old.stoffe-autfizz.de\/?product=baumwoll-streifenstickerei-kollektion-toptex","url":"https:\/\/old.stoffe-autfizz.de\/?product=baumwoll-streifenstickerei-kollektion-toptex","name":"Baumwoll-Streifenstickerei - Kollektion TOPTEX - | autfizz","isPartOf":{"@id":"https:\/\/old.stoffe-autfizz.de\/#website"},"datePublished":"2022-02-04T11:15:41+00:00","dateModified":"2022-06-08T13:38:03+00:00","breadcrumb":{"@id":"https:\/\/old.stoffe-autfizz.de\/?product=baumwoll-streifenstickerei-kollektion-toptex#breadcrumb"},"inLanguage":"de","potentialAction":[{"@type":"ReadAction","target":["https:\/\/old.stoffe-autfizz.de\/?product=baumwoll-streifenstickerei-kollektion-toptex"]}]},{"@type":"BreadcrumbList","@id":"https:\/\/old.stoffe-autfizz.de\/?product=baumwoll-streifenstickerei-kollektion-toptex#breadcrumb","itemListElement":[{"@type":"ListItem","position":1,"name":"Startseite","item":"https:\/\/old.stoffe-autfizz.de\/"},{"@type":"ListItem","position":2,"name":"SHOP","item":"https:\/\/old.stoffe-autfizz.de\/?page_id=11"},{"@type":"ListItem","position":3,"name":"Baumwoll-Streifenstickerei &#8211; Kollektion TOPTEX &#8211;"}]},{"@type":"WebSite","@id":"https:\/\/old.stoffe-autfizz.de\/#website","url":"https:\/\/old.stoffe-autfizz.de\/","name":"autfizz","description":"feine Stoffe","publisher":{"@id":"https:\/\/old.stoffe-autfizz.de\/#organization"},"potentialAction":[{"@type":"SearchAction","target":{"@type":"EntryPoint","urlTemplate":"https:\/\/old.stoffe-autfizz.de\/?s={search_term_string}"},"query-input":"required name=search_term_string"}],"inLanguage":"de"},{"@type":"Organization","@id":"https:\/\/old.stoffe-autfizz.de\/#organization","name":"autfizz | Stoffgesch\u00e4ft in Rosenheim","url":"https:\/\/old.stoffe-autfizz.de\/","logo":{"@type":"ImageObject","inLanguage":"de","@id":"https:\/\/old.stoffe-autfizz.de\/#\/schema\/logo\/image\/","url":"https:\/\/old.stoffe-autfizz.de\/wp-content\/uploads\/2018\/04\/Logo-autfizz_klein_100.jpg","contentUrl":"https:\/\/old.stoffe-autfizz.de\/wp-content\/uploads\/2018\/04\/Logo-autfizz_klein_100.jpg","width":200,"height":100,"caption":"autfizz | Stoffgesch\u00e4ft in Rosenheim"},"image":{"@id":"https:\/\/old.stoffe-autfizz.de\/#\/schema\/logo\/image\/"},"sameAs":["https:\/\/www.instagram.com\/autfizz_feine_stoffe","https:\/\/www.facebook.com\/autfizz","https:\/\/twitter.com\/autfizz"]}]}},"_links":{"self":[{"href":"https:\/\/old.stoffe-autfizz.de\/index.php?rest_route=\/wp\/v3\/product\/41183"}],"collection":[{"href":"https:\/\/old.stoffe-autfizz.de\/index.php?rest_route=\/wp\/v3\/product"}],"about":[{"href":"https:\/\/old.stoffe-autfizz.de\/index.php?rest_route=\/wp\/v2\/types\/product"}],"replies":[{"embeddable":true,"href":"https:\/\/old.stoffe-autfizz.de\/index.php?rest_route=%2Fwp%2Fv2%2Fcomments&post=41183"}],"wp:featuredmedia":[{"embeddable":true,"href":"https:\/\/old.stoffe-autfizz.de\/index.php?rest_route=\/wp\/v2\/media\/41068"}],"wp:attachment":[{"href":"https:\/\/old.stoffe-autfizz.de\/index.php?rest_route=%2Fwp%2Fv2%2Fmedia&parent=41183"}],"wp:term":[{"taxonomy":"product_cat","embeddable":true,"href":"https:\/\/old.stoffe-autfizz.de\/index.php?rest_route=%2Fwp%2Fv2%2Fproduct_cat&post=41183"},{"taxonomy":"product_tag","embeddable":true,"href":"https:\/\/old.stoffe-autfizz.de\/index.php?rest_route=%2Fwp%2Fv2%2Fproduct_tag&post=41183"}],"curies":[{"name":"wp","href":"https:\/\/api.w.org\/{rel}","templated":true}]}}