{"id":36089,"date":"2021-07-17T16:59:25","date_gmt":"2021-07-17T14:59:25","guid":{"rendered":"https:\/\/stoffe-autfizz.de\/?post_type=product&#038;p=36089"},"modified":"2022-05-05T15:38:10","modified_gmt":"2022-05-05T13:38:10","slug":"scuba-touch-modal-jersey-toptex-kollektion-2","status":"publish","type":"product","link":"https:\/\/old.stoffe-autfizz.de\/?product=scuba-touch-modal-jersey-toptex-kollektion-2","title":{"rendered":"Scuba &#8211; Touch Modal &#8211; Jersey   &#8211; Toptex Kollektion &#8211;"},"content":{"rendered":"<p>48 % Modal, 48 % Mikrofaser, 4 % Elasthan<\/p>\n","protected":false},"excerpt":{"rendered":"<p>eine wahnsinnig softige Ware, die sich so toll anf\u00fchlt, dass man st\u00e4ndig dar\u00fcber streichen m\u00f6chte,<\/p>\n<p>super sch\u00f6n f\u00fcr Kleider, egal ob weit oder schmal, f\u00fcr Oberteile und f\u00fcr stylische Catsuits<\/p>\n<p>leider gibt es diesen Stoff nur noch in schwarz<\/p>\n","protected":false},"featured_media":39810,"comment_status":"open","ping_status":"closed","template":"","meta":[],"product_cat":[72,73,107,91,96],"product_tag":[152,115],"yoast_head":"<!-- This site is optimized with the Yoast SEO plugin v19.10 - https:\/\/yoast.com\/wordpress\/plugins\/seo\/ -->\n<title>Scuba - Touch Modal - Jersey  - Toptex Kollektion - | autfizz<\/title>\n<meta name=\"robots\" content=\"index, follow, max-snippet:-1, max-image-preview:large, max-video-preview:-1\" \/>\n<link rel=\"canonical\" href=\"https:\/\/old.stoffe-autfizz.de\/?product=scuba-touch-modal-jersey-toptex-kollektion-2\" \/>\n<meta property=\"og:locale\" content=\"en_US\" \/>\n<meta property=\"og:type\" content=\"article\" \/>\n<meta property=\"og:title\" content=\"Scuba - Touch Modal - Jersey  - Toptex Kollektion - | autfizz\" \/>\n<meta property=\"og:description\" content=\"eine wahnsinnig softige Ware, die sich so toll anf\u00fchlt, dass man st\u00e4ndig dar\u00fcber streichen m\u00f6chte,  super sch\u00f6n f\u00fcr Kleider, egal ob weit oder schmal, f\u00fcr Oberteile und f\u00fcr stylische Catsuits  leider gibt es diesen Stoff nur noch in schwarz\" \/>\n<meta property=\"og:url\" content=\"https:\/\/old.stoffe-autfizz.de\/?product=scuba-touch-modal-jersey-toptex-kollektion-2\" \/>\n<meta property=\"og:site_name\" content=\"autfizz\" \/>\n<meta property=\"article:publisher\" content=\"https:\/\/www.facebook.com\/autfizz\" \/>\n<meta property=\"article:modified_time\" content=\"2022-05-05T13:38:10+00:00\" \/>\n<meta property=\"og:image\" content=\"https:\/\/old.stoffe-autfizz.de\/wp-content\/uploads\/2021\/12\/lastwinter5-2.jpg\" \/>\n\t<meta property=\"og:image:width\" content=\"650\" \/>\n\t<meta property=\"og:image:height\" content=\"488\" \/>\n\t<meta property=\"og:image:type\" content=\"image\/jpeg\" \/>\n<meta name=\"twitter:card\" content=\"summary_large_image\" \/>\n<meta name=\"twitter:site\" content=\"@autfizz\" \/>\n<meta name=\"twitter:label1\" content=\"Gesch\u00e4tzte Lesezeit\" \/>\n\t<meta name=\"twitter:data1\" content=\"1\u00a0Minute\" \/>\n<script type=\"application\/ld+json\" class=\"yoast-schema-graph\">{\"@context\":\"https:\/\/schema.org\",\"@graph\":[{\"@type\":\"WebPage\",\"@id\":\"https:\/\/old.stoffe-autfizz.de\/?product=scuba-touch-modal-jersey-toptex-kollektion-2\",\"url\":\"https:\/\/old.stoffe-autfizz.de\/?product=scuba-touch-modal-jersey-toptex-kollektion-2\",\"name\":\"Scuba - Touch Modal - Jersey - Toptex Kollektion - | autfizz\",\"isPartOf\":{\"@id\":\"https:\/\/old.stoffe-autfizz.de\/#website\"},\"datePublished\":\"2021-07-17T14:59:25+00:00\",\"dateModified\":\"2022-05-05T13:38:10+00:00\",\"breadcrumb\":{\"@id\":\"https:\/\/old.stoffe-autfizz.de\/?product=scuba-touch-modal-jersey-toptex-kollektion-2#breadcrumb\"},\"inLanguage\":\"de\",\"potentialAction\":[{\"@type\":\"ReadAction\",\"target\":[\"https:\/\/old.stoffe-autfizz.de\/?product=scuba-touch-modal-jersey-toptex-kollektion-2\"]}]},{\"@type\":\"BreadcrumbList\",\"@id\":\"https:\/\/old.stoffe-autfizz.de\/?product=scuba-touch-modal-jersey-toptex-kollektion-2#breadcrumb\",\"itemListElement\":[{\"@type\":\"ListItem\",\"position\":1,\"name\":\"Startseite\",\"item\":\"https:\/\/old.stoffe-autfizz.de\/\"},{\"@type\":\"ListItem\",\"position\":2,\"name\":\"SHOP\",\"item\":\"https:\/\/old.stoffe-autfizz.de\/?page_id=11\"},{\"@type\":\"ListItem\",\"position\":3,\"name\":\"Scuba &#8211; Touch Modal &#8211; Jersey &#8211; Toptex Kollektion &#8211;\"}]},{\"@type\":\"WebSite\",\"@id\":\"https:\/\/old.stoffe-autfizz.de\/#website\",\"url\":\"https:\/\/old.stoffe-autfizz.de\/\",\"name\":\"autfizz\",\"description\":\"feine Stoffe\",\"publisher\":{\"@id\":\"https:\/\/old.stoffe-autfizz.de\/#organization\"},\"potentialAction\":[{\"@type\":\"SearchAction\",\"target\":{\"@type\":\"EntryPoint\",\"urlTemplate\":\"https:\/\/old.stoffe-autfizz.de\/?s={search_term_string}\"},\"query-input\":\"required name=search_term_string\"}],\"inLanguage\":\"de\"},{\"@type\":\"Organization\",\"@id\":\"https:\/\/old.stoffe-autfizz.de\/#organization\",\"name\":\"autfizz | Stoffgesch\u00e4ft in Rosenheim\",\"url\":\"https:\/\/old.stoffe-autfizz.de\/\",\"logo\":{\"@type\":\"ImageObject\",\"inLanguage\":\"de\",\"@id\":\"https:\/\/old.stoffe-autfizz.de\/#\/schema\/logo\/image\/\",\"url\":\"https:\/\/old.stoffe-autfizz.de\/wp-content\/uploads\/2018\/04\/Logo-autfizz_klein_100.jpg\",\"contentUrl\":\"https:\/\/old.stoffe-autfizz.de\/wp-content\/uploads\/2018\/04\/Logo-autfizz_klein_100.jpg\",\"width\":200,\"height\":100,\"caption\":\"autfizz | Stoffgesch\u00e4ft in Rosenheim\"},\"image\":{\"@id\":\"https:\/\/old.stoffe-autfizz.de\/#\/schema\/logo\/image\/\"},\"sameAs\":[\"https:\/\/www.instagram.com\/autfizz_feine_stoffe\",\"https:\/\/www.facebook.com\/autfizz\",\"https:\/\/twitter.com\/autfizz\"]}]}<\/script>\n<!-- \/ Yoast SEO plugin. -->","yoast_head_json":{"title":"Scuba - Touch Modal - Jersey  - Toptex Kollektion - | autfizz","robots":{"index":"index","follow":"follow","max-snippet":"max-snippet:-1","max-image-preview":"max-image-preview:large","max-video-preview":"max-video-preview:-1"},"canonical":"https:\/\/old.stoffe-autfizz.de\/?product=scuba-touch-modal-jersey-toptex-kollektion-2","og_locale":"en_US","og_type":"article","og_title":"Scuba - Touch Modal - Jersey  - Toptex Kollektion - | autfizz","og_description":"eine wahnsinnig softige Ware, die sich so toll anf\u00fchlt, dass man st\u00e4ndig dar\u00fcber streichen m\u00f6chte,  super sch\u00f6n f\u00fcr Kleider, egal ob weit oder schmal, f\u00fcr Oberteile und f\u00fcr stylische Catsuits  leider gibt es diesen Stoff nur noch in schwarz","og_url":"https:\/\/old.stoffe-autfizz.de\/?product=scuba-touch-modal-jersey-toptex-kollektion-2","og_site_name":"autfizz","article_publisher":"https:\/\/www.facebook.com\/autfizz","article_modified_time":"2022-05-05T13:38:10+00:00","og_image":[{"width":650,"height":488,"url":"https:\/\/old.stoffe-autfizz.de\/wp-content\/uploads\/2021\/12\/lastwinter5-2.jpg","type":"image\/jpeg"}],"twitter_card":"summary_large_image","twitter_site":"@autfizz","twitter_misc":{"Gesch\u00e4tzte Lesezeit":"1\u00a0Minute"},"schema":{"@context":"https:\/\/schema.org","@graph":[{"@type":"WebPage","@id":"https:\/\/old.stoffe-autfizz.de\/?product=scuba-touch-modal-jersey-toptex-kollektion-2","url":"https:\/\/old.stoffe-autfizz.de\/?product=scuba-touch-modal-jersey-toptex-kollektion-2","name":"Scuba - Touch Modal - Jersey - Toptex Kollektion - | autfizz","isPartOf":{"@id":"https:\/\/old.stoffe-autfizz.de\/#website"},"datePublished":"2021-07-17T14:59:25+00:00","dateModified":"2022-05-05T13:38:10+00:00","breadcrumb":{"@id":"https:\/\/old.stoffe-autfizz.de\/?product=scuba-touch-modal-jersey-toptex-kollektion-2#breadcrumb"},"inLanguage":"de","potentialAction":[{"@type":"ReadAction","target":["https:\/\/old.stoffe-autfizz.de\/?product=scuba-touch-modal-jersey-toptex-kollektion-2"]}]},{"@type":"BreadcrumbList","@id":"https:\/\/old.stoffe-autfizz.de\/?product=scuba-touch-modal-jersey-toptex-kollektion-2#breadcrumb","itemListElement":[{"@type":"ListItem","position":1,"name":"Startseite","item":"https:\/\/old.stoffe-autfizz.de\/"},{"@type":"ListItem","position":2,"name":"SHOP","item":"https:\/\/old.stoffe-autfizz.de\/?page_id=11"},{"@type":"ListItem","position":3,"name":"Scuba &#8211; Touch Modal &#8211; Jersey &#8211; Toptex Kollektion &#8211;"}]},{"@type":"WebSite","@id":"https:\/\/old.stoffe-autfizz.de\/#website","url":"https:\/\/old.stoffe-autfizz.de\/","name":"autfizz","description":"feine Stoffe","publisher":{"@id":"https:\/\/old.stoffe-autfizz.de\/#organization"},"potentialAction":[{"@type":"SearchAction","target":{"@type":"EntryPoint","urlTemplate":"https:\/\/old.stoffe-autfizz.de\/?s={search_term_string}"},"query-input":"required name=search_term_string"}],"inLanguage":"de"},{"@type":"Organization","@id":"https:\/\/old.stoffe-autfizz.de\/#organization","name":"autfizz | Stoffgesch\u00e4ft in Rosenheim","url":"https:\/\/old.stoffe-autfizz.de\/","logo":{"@type":"ImageObject","inLanguage":"de","@id":"https:\/\/old.stoffe-autfizz.de\/#\/schema\/logo\/image\/","url":"https:\/\/old.stoffe-autfizz.de\/wp-content\/uploads\/2018\/04\/Logo-autfizz_klein_100.jpg","contentUrl":"https:\/\/old.stoffe-autfizz.de\/wp-content\/uploads\/2018\/04\/Logo-autfizz_klein_100.jpg","width":200,"height":100,"caption":"autfizz | Stoffgesch\u00e4ft in Rosenheim"},"image":{"@id":"https:\/\/old.stoffe-autfizz.de\/#\/schema\/logo\/image\/"},"sameAs":["https:\/\/www.instagram.com\/autfizz_feine_stoffe","https:\/\/www.facebook.com\/autfizz","https:\/\/twitter.com\/autfizz"]}]}},"_links":{"self":[{"href":"https:\/\/old.stoffe-autfizz.de\/index.php?rest_route=\/wp\/v3\/product\/36089"}],"collection":[{"href":"https:\/\/old.stoffe-autfizz.de\/index.php?rest_route=\/wp\/v3\/product"}],"about":[{"href":"https:\/\/old.stoffe-autfizz.de\/index.php?rest_route=\/wp\/v2\/types\/product"}],"replies":[{"embeddable":true,"href":"https:\/\/old.stoffe-autfizz.de\/index.php?rest_route=%2Fwp%2Fv2%2Fcomments&post=36089"}],"wp:featuredmedia":[{"embeddable":true,"href":"https:\/\/old.stoffe-autfizz.de\/index.php?rest_route=\/wp\/v2\/media\/39810"}],"wp:attachment":[{"href":"https:\/\/old.stoffe-autfizz.de\/index.php?rest_route=%2Fwp%2Fv2%2Fmedia&parent=36089"}],"wp:term":[{"taxonomy":"product_cat","embeddable":true,"href":"https:\/\/old.stoffe-autfizz.de\/index.php?rest_route=%2Fwp%2Fv2%2Fproduct_cat&post=36089"},{"taxonomy":"product_tag","embeddable":true,"href":"https:\/\/old.stoffe-autfizz.de\/index.php?rest_route=%2Fwp%2Fv2%2Fproduct_tag&post=36089"}],"curies":[{"name":"wp","href":"https:\/\/api.w.org\/{rel}","templated":true}]}}