{"id":28790,"date":"2020-12-24T18:18:06","date_gmt":"2020-12-24T17:18:06","guid":{"rendered":"https:\/\/stoffe-autfizz.de\/?post_type=product&#038;p=28790"},"modified":"2022-09-25T18:00:03","modified_gmt":"2022-09-25T16:00:03","slug":"neue-milanojerseys-eingetroffen","status":"publish","type":"product","link":"https:\/\/old.stoffe-autfizz.de\/?product=neue-milanojerseys-eingetroffen","title":{"rendered":"Milanojerseys in vielen Farben"},"content":{"rendered":"<p>76 % Viscose, 20 % PA-Mikrofaser, 4 % Elastan<\/p>\n","protected":false},"excerpt":{"rendered":"<p>diese Milanojerseys sind wirklich unglaublich vielf\u00e4ltig zu vern\u00e4hen, ideal f\u00fcr Kleider, Oberteile, R\u00f6cke und Hosen, egal bei allen ob ich es lieber schmal oder weit mag,<\/p>\n<p>aber auch super im kommenden Fr\u00fchling f\u00fcr Jacken und leichte M\u00e4ntel<\/p>\n","protected":false},"featured_media":28766,"comment_status":"open","ping_status":"closed","template":"","meta":[],"product_cat":[72,73,107,91,96],"product_tag":[248,140,1041,1322,253,256,124,235,77],"yoast_head":"<!-- This site is optimized with the Yoast SEO plugin v19.10 - https:\/\/yoast.com\/wordpress\/plugins\/seo\/ -->\n<title>Milanojerseys in vielen Farben | autfizz<\/title>\n<meta name=\"robots\" content=\"index, follow, max-snippet:-1, max-image-preview:large, max-video-preview:-1\" \/>\n<link rel=\"canonical\" href=\"https:\/\/old.stoffe-autfizz.de\/?product=neue-milanojerseys-eingetroffen\" \/>\n<meta property=\"og:locale\" content=\"en_US\" \/>\n<meta property=\"og:type\" content=\"article\" \/>\n<meta property=\"og:title\" content=\"Milanojerseys in vielen Farben | autfizz\" \/>\n<meta property=\"og:description\" content=\"diese Milanojerseys sind wirklich unglaublich vielf\u00e4ltig zu vern\u00e4hen, ideal f\u00fcr Kleider, Oberteile, R\u00f6cke und Hosen, egal bei allen ob ich es lieber schmal oder weit mag,  aber auch super im kommenden Fr\u00fchling f\u00fcr Jacken und leichte M\u00e4ntel\" \/>\n<meta property=\"og:url\" content=\"https:\/\/old.stoffe-autfizz.de\/?product=neue-milanojerseys-eingetroffen\" \/>\n<meta property=\"og:site_name\" content=\"autfizz\" \/>\n<meta property=\"article:publisher\" content=\"https:\/\/www.facebook.com\/autfizz\" \/>\n<meta property=\"article:modified_time\" content=\"2022-09-25T16:00:03+00:00\" \/>\n<meta property=\"og:image\" content=\"https:\/\/old.stoffe-autfizz.de\/wp-content\/uploads\/2020\/12\/24125.jpg\" \/>\n\t<meta property=\"og:image:width\" content=\"650\" \/>\n\t<meta property=\"og:image:height\" content=\"867\" \/>\n\t<meta property=\"og:image:type\" content=\"image\/jpeg\" \/>\n<meta name=\"twitter:card\" content=\"summary_large_image\" \/>\n<meta name=\"twitter:site\" content=\"@autfizz\" \/>\n<script type=\"application\/ld+json\" class=\"yoast-schema-graph\">{\"@context\":\"https:\/\/schema.org\",\"@graph\":[{\"@type\":\"WebPage\",\"@id\":\"https:\/\/old.stoffe-autfizz.de\/?product=neue-milanojerseys-eingetroffen\",\"url\":\"https:\/\/old.stoffe-autfizz.de\/?product=neue-milanojerseys-eingetroffen\",\"name\":\"Milanojerseys in vielen Farben | autfizz\",\"isPartOf\":{\"@id\":\"https:\/\/old.stoffe-autfizz.de\/#website\"},\"datePublished\":\"2020-12-24T17:18:06+00:00\",\"dateModified\":\"2022-09-25T16:00:03+00:00\",\"breadcrumb\":{\"@id\":\"https:\/\/old.stoffe-autfizz.de\/?product=neue-milanojerseys-eingetroffen#breadcrumb\"},\"inLanguage\":\"de\",\"potentialAction\":[{\"@type\":\"ReadAction\",\"target\":[\"https:\/\/old.stoffe-autfizz.de\/?product=neue-milanojerseys-eingetroffen\"]}]},{\"@type\":\"BreadcrumbList\",\"@id\":\"https:\/\/old.stoffe-autfizz.de\/?product=neue-milanojerseys-eingetroffen#breadcrumb\",\"itemListElement\":[{\"@type\":\"ListItem\",\"position\":1,\"name\":\"Startseite\",\"item\":\"https:\/\/old.stoffe-autfizz.de\/\"},{\"@type\":\"ListItem\",\"position\":2,\"name\":\"SHOP\",\"item\":\"https:\/\/old.stoffe-autfizz.de\/?page_id=11\"},{\"@type\":\"ListItem\",\"position\":3,\"name\":\"Milanojerseys in vielen Farben\"}]},{\"@type\":\"WebSite\",\"@id\":\"https:\/\/old.stoffe-autfizz.de\/#website\",\"url\":\"https:\/\/old.stoffe-autfizz.de\/\",\"name\":\"autfizz\",\"description\":\"feine Stoffe\",\"publisher\":{\"@id\":\"https:\/\/old.stoffe-autfizz.de\/#organization\"},\"potentialAction\":[{\"@type\":\"SearchAction\",\"target\":{\"@type\":\"EntryPoint\",\"urlTemplate\":\"https:\/\/old.stoffe-autfizz.de\/?s={search_term_string}\"},\"query-input\":\"required name=search_term_string\"}],\"inLanguage\":\"de\"},{\"@type\":\"Organization\",\"@id\":\"https:\/\/old.stoffe-autfizz.de\/#organization\",\"name\":\"autfizz | Stoffgesch\u00e4ft in Rosenheim\",\"url\":\"https:\/\/old.stoffe-autfizz.de\/\",\"logo\":{\"@type\":\"ImageObject\",\"inLanguage\":\"de\",\"@id\":\"https:\/\/old.stoffe-autfizz.de\/#\/schema\/logo\/image\/\",\"url\":\"https:\/\/old.stoffe-autfizz.de\/wp-content\/uploads\/2018\/04\/Logo-autfizz_klein_100.jpg\",\"contentUrl\":\"https:\/\/old.stoffe-autfizz.de\/wp-content\/uploads\/2018\/04\/Logo-autfizz_klein_100.jpg\",\"width\":200,\"height\":100,\"caption\":\"autfizz | Stoffgesch\u00e4ft in Rosenheim\"},\"image\":{\"@id\":\"https:\/\/old.stoffe-autfizz.de\/#\/schema\/logo\/image\/\"},\"sameAs\":[\"https:\/\/www.instagram.com\/autfizz_feine_stoffe\",\"https:\/\/www.facebook.com\/autfizz\",\"https:\/\/twitter.com\/autfizz\"]}]}<\/script>\n<!-- \/ Yoast SEO plugin. -->","yoast_head_json":{"title":"Milanojerseys in vielen Farben | autfizz","robots":{"index":"index","follow":"follow","max-snippet":"max-snippet:-1","max-image-preview":"max-image-preview:large","max-video-preview":"max-video-preview:-1"},"canonical":"https:\/\/old.stoffe-autfizz.de\/?product=neue-milanojerseys-eingetroffen","og_locale":"en_US","og_type":"article","og_title":"Milanojerseys in vielen Farben | autfizz","og_description":"diese Milanojerseys sind wirklich unglaublich vielf\u00e4ltig zu vern\u00e4hen, ideal f\u00fcr Kleider, Oberteile, R\u00f6cke und Hosen, egal bei allen ob ich es lieber schmal oder weit mag,  aber auch super im kommenden Fr\u00fchling f\u00fcr Jacken und leichte M\u00e4ntel","og_url":"https:\/\/old.stoffe-autfizz.de\/?product=neue-milanojerseys-eingetroffen","og_site_name":"autfizz","article_publisher":"https:\/\/www.facebook.com\/autfizz","article_modified_time":"2022-09-25T16:00:03+00:00","og_image":[{"width":650,"height":867,"url":"https:\/\/old.stoffe-autfizz.de\/wp-content\/uploads\/2020\/12\/24125.jpg","type":"image\/jpeg"}],"twitter_card":"summary_large_image","twitter_site":"@autfizz","schema":{"@context":"https:\/\/schema.org","@graph":[{"@type":"WebPage","@id":"https:\/\/old.stoffe-autfizz.de\/?product=neue-milanojerseys-eingetroffen","url":"https:\/\/old.stoffe-autfizz.de\/?product=neue-milanojerseys-eingetroffen","name":"Milanojerseys in vielen Farben | autfizz","isPartOf":{"@id":"https:\/\/old.stoffe-autfizz.de\/#website"},"datePublished":"2020-12-24T17:18:06+00:00","dateModified":"2022-09-25T16:00:03+00:00","breadcrumb":{"@id":"https:\/\/old.stoffe-autfizz.de\/?product=neue-milanojerseys-eingetroffen#breadcrumb"},"inLanguage":"de","potentialAction":[{"@type":"ReadAction","target":["https:\/\/old.stoffe-autfizz.de\/?product=neue-milanojerseys-eingetroffen"]}]},{"@type":"BreadcrumbList","@id":"https:\/\/old.stoffe-autfizz.de\/?product=neue-milanojerseys-eingetroffen#breadcrumb","itemListElement":[{"@type":"ListItem","position":1,"name":"Startseite","item":"https:\/\/old.stoffe-autfizz.de\/"},{"@type":"ListItem","position":2,"name":"SHOP","item":"https:\/\/old.stoffe-autfizz.de\/?page_id=11"},{"@type":"ListItem","position":3,"name":"Milanojerseys in vielen Farben"}]},{"@type":"WebSite","@id":"https:\/\/old.stoffe-autfizz.de\/#website","url":"https:\/\/old.stoffe-autfizz.de\/","name":"autfizz","description":"feine Stoffe","publisher":{"@id":"https:\/\/old.stoffe-autfizz.de\/#organization"},"potentialAction":[{"@type":"SearchAction","target":{"@type":"EntryPoint","urlTemplate":"https:\/\/old.stoffe-autfizz.de\/?s={search_term_string}"},"query-input":"required name=search_term_string"}],"inLanguage":"de"},{"@type":"Organization","@id":"https:\/\/old.stoffe-autfizz.de\/#organization","name":"autfizz | Stoffgesch\u00e4ft in Rosenheim","url":"https:\/\/old.stoffe-autfizz.de\/","logo":{"@type":"ImageObject","inLanguage":"de","@id":"https:\/\/old.stoffe-autfizz.de\/#\/schema\/logo\/image\/","url":"https:\/\/old.stoffe-autfizz.de\/wp-content\/uploads\/2018\/04\/Logo-autfizz_klein_100.jpg","contentUrl":"https:\/\/old.stoffe-autfizz.de\/wp-content\/uploads\/2018\/04\/Logo-autfizz_klein_100.jpg","width":200,"height":100,"caption":"autfizz | Stoffgesch\u00e4ft in Rosenheim"},"image":{"@id":"https:\/\/old.stoffe-autfizz.de\/#\/schema\/logo\/image\/"},"sameAs":["https:\/\/www.instagram.com\/autfizz_feine_stoffe","https:\/\/www.facebook.com\/autfizz","https:\/\/twitter.com\/autfizz"]}]}},"_links":{"self":[{"href":"https:\/\/old.stoffe-autfizz.de\/index.php?rest_route=\/wp\/v3\/product\/28790"}],"collection":[{"href":"https:\/\/old.stoffe-autfizz.de\/index.php?rest_route=\/wp\/v3\/product"}],"about":[{"href":"https:\/\/old.stoffe-autfizz.de\/index.php?rest_route=\/wp\/v2\/types\/product"}],"replies":[{"embeddable":true,"href":"https:\/\/old.stoffe-autfizz.de\/index.php?rest_route=%2Fwp%2Fv2%2Fcomments&post=28790"}],"wp:featuredmedia":[{"embeddable":true,"href":"https:\/\/old.stoffe-autfizz.de\/index.php?rest_route=\/wp\/v2\/media\/28766"}],"wp:attachment":[{"href":"https:\/\/old.stoffe-autfizz.de\/index.php?rest_route=%2Fwp%2Fv2%2Fmedia&parent=28790"}],"wp:term":[{"taxonomy":"product_cat","embeddable":true,"href":"https:\/\/old.stoffe-autfizz.de\/index.php?rest_route=%2Fwp%2Fv2%2Fproduct_cat&post=28790"},{"taxonomy":"product_tag","embeddable":true,"href":"https:\/\/old.stoffe-autfizz.de\/index.php?rest_route=%2Fwp%2Fv2%2Fproduct_tag&post=28790"}],"curies":[{"name":"wp","href":"https:\/\/api.w.org\/{rel}","templated":true}]}}