{"id":15176,"date":"2019-01-21T20:38:32","date_gmt":"2019-01-21T19:38:32","guid":{"rendered":"https:\/\/stoffe-autfizz.de\/?post_type=product&#038;p=15176"},"modified":"2022-02-06T19:42:33","modified_gmt":"2022-02-06T18:42:33","slug":"hochwertige-stretchstoffe-eines-hochwertigen-deutschen-modelabels","status":"publish","type":"product","link":"https:\/\/old.stoffe-autfizz.de\/?product=hochwertige-stretchstoffe-eines-hochwertigen-deutschen-modelabels","title":{"rendered":"hochwertige Stretchstoffe eines deutschen Modelabels, neue Farben"},"content":{"rendered":"<p>65 % Baumwolle, 30 PA, 5 % Elastan<\/p>\n","protected":false},"excerpt":{"rendered":"<p>ein ganz tolle Stretchware, ideal f\u00fcr Hosen, schmale R\u00f6cke und Kleider, die Ware gibt keine Knie und l\u00e4sst sich super waschen,<\/p>\n<p>die Ware gibt es momentan in vielen Farben und auch in verschiedenen Preislagen<\/p>\n","protected":false},"featured_media":36350,"comment_status":"open","ping_status":"closed","template":"","meta":[],"product_cat":[72,78,107,108,91],"product_tag":[114,493,498,94,1147,253,1196,256,77],"yoast_head":"<!-- This site is optimized with the Yoast SEO plugin v19.10 - https:\/\/yoast.com\/wordpress\/plugins\/seo\/ -->\n<title>hochwertige Stretchstoffe eines deutschen Modelabels, neue Farben | autfizz<\/title>\n<meta name=\"robots\" content=\"index, follow, max-snippet:-1, max-image-preview:large, max-video-preview:-1\" \/>\n<link rel=\"canonical\" href=\"https:\/\/old.stoffe-autfizz.de\/?product=hochwertige-stretchstoffe-eines-hochwertigen-deutschen-modelabels\" \/>\n<meta property=\"og:locale\" content=\"en_US\" \/>\n<meta property=\"og:type\" content=\"article\" \/>\n<meta property=\"og:title\" content=\"hochwertige Stretchstoffe eines deutschen Modelabels, neue Farben | autfizz\" \/>\n<meta property=\"og:description\" content=\"ein ganz tolle Stretchware, ideal f\u00fcr Hosen, schmale R\u00f6cke und Kleider, die Ware gibt keine Knie und l\u00e4sst sich super waschen,  die Ware gibt es momentan in vielen Farben und auch in verschiedenen Preislagen\" \/>\n<meta property=\"og:url\" content=\"https:\/\/old.stoffe-autfizz.de\/?product=hochwertige-stretchstoffe-eines-hochwertigen-deutschen-modelabels\" \/>\n<meta property=\"og:site_name\" content=\"autfizz\" \/>\n<meta property=\"article:publisher\" content=\"https:\/\/www.facebook.com\/autfizz\" \/>\n<meta property=\"article:modified_time\" content=\"2022-02-06T18:42:33+00:00\" \/>\n<meta property=\"og:image\" content=\"https:\/\/old.stoffe-autfizz.de\/wp-content\/uploads\/2021\/07\/firstautumn22-1.jpg\" \/>\n\t<meta property=\"og:image:width\" content=\"650\" \/>\n\t<meta property=\"og:image:height\" content=\"867\" \/>\n\t<meta property=\"og:image:type\" content=\"image\/jpeg\" \/>\n<meta name=\"twitter:card\" content=\"summary_large_image\" \/>\n<meta name=\"twitter:site\" content=\"@autfizz\" \/>\n<script type=\"application\/ld+json\" class=\"yoast-schema-graph\">{\"@context\":\"https:\/\/schema.org\",\"@graph\":[{\"@type\":\"WebPage\",\"@id\":\"https:\/\/old.stoffe-autfizz.de\/?product=hochwertige-stretchstoffe-eines-hochwertigen-deutschen-modelabels\",\"url\":\"https:\/\/old.stoffe-autfizz.de\/?product=hochwertige-stretchstoffe-eines-hochwertigen-deutschen-modelabels\",\"name\":\"hochwertige Stretchstoffe eines deutschen Modelabels, neue Farben | autfizz\",\"isPartOf\":{\"@id\":\"https:\/\/old.stoffe-autfizz.de\/#website\"},\"datePublished\":\"2019-01-21T19:38:32+00:00\",\"dateModified\":\"2022-02-06T18:42:33+00:00\",\"breadcrumb\":{\"@id\":\"https:\/\/old.stoffe-autfizz.de\/?product=hochwertige-stretchstoffe-eines-hochwertigen-deutschen-modelabels#breadcrumb\"},\"inLanguage\":\"de\",\"potentialAction\":[{\"@type\":\"ReadAction\",\"target\":[\"https:\/\/old.stoffe-autfizz.de\/?product=hochwertige-stretchstoffe-eines-hochwertigen-deutschen-modelabels\"]}]},{\"@type\":\"BreadcrumbList\",\"@id\":\"https:\/\/old.stoffe-autfizz.de\/?product=hochwertige-stretchstoffe-eines-hochwertigen-deutschen-modelabels#breadcrumb\",\"itemListElement\":[{\"@type\":\"ListItem\",\"position\":1,\"name\":\"Startseite\",\"item\":\"https:\/\/old.stoffe-autfizz.de\/\"},{\"@type\":\"ListItem\",\"position\":2,\"name\":\"SHOP\",\"item\":\"https:\/\/old.stoffe-autfizz.de\/?page_id=11\"},{\"@type\":\"ListItem\",\"position\":3,\"name\":\"hochwertige Stretchstoffe eines deutschen Modelabels, neue Farben\"}]},{\"@type\":\"WebSite\",\"@id\":\"https:\/\/old.stoffe-autfizz.de\/#website\",\"url\":\"https:\/\/old.stoffe-autfizz.de\/\",\"name\":\"autfizz\",\"description\":\"feine Stoffe\",\"publisher\":{\"@id\":\"https:\/\/old.stoffe-autfizz.de\/#organization\"},\"potentialAction\":[{\"@type\":\"SearchAction\",\"target\":{\"@type\":\"EntryPoint\",\"urlTemplate\":\"https:\/\/old.stoffe-autfizz.de\/?s={search_term_string}\"},\"query-input\":\"required name=search_term_string\"}],\"inLanguage\":\"de\"},{\"@type\":\"Organization\",\"@id\":\"https:\/\/old.stoffe-autfizz.de\/#organization\",\"name\":\"autfizz | Stoffgesch\u00e4ft in Rosenheim\",\"url\":\"https:\/\/old.stoffe-autfizz.de\/\",\"logo\":{\"@type\":\"ImageObject\",\"inLanguage\":\"de\",\"@id\":\"https:\/\/old.stoffe-autfizz.de\/#\/schema\/logo\/image\/\",\"url\":\"https:\/\/old.stoffe-autfizz.de\/wp-content\/uploads\/2018\/04\/Logo-autfizz_klein_100.jpg\",\"contentUrl\":\"https:\/\/old.stoffe-autfizz.de\/wp-content\/uploads\/2018\/04\/Logo-autfizz_klein_100.jpg\",\"width\":200,\"height\":100,\"caption\":\"autfizz | Stoffgesch\u00e4ft in Rosenheim\"},\"image\":{\"@id\":\"https:\/\/old.stoffe-autfizz.de\/#\/schema\/logo\/image\/\"},\"sameAs\":[\"https:\/\/www.instagram.com\/autfizz_feine_stoffe\",\"https:\/\/www.facebook.com\/autfizz\",\"https:\/\/twitter.com\/autfizz\"]}]}<\/script>\n<!-- \/ Yoast SEO plugin. -->","yoast_head_json":{"title":"hochwertige Stretchstoffe eines deutschen Modelabels, neue Farben | autfizz","robots":{"index":"index","follow":"follow","max-snippet":"max-snippet:-1","max-image-preview":"max-image-preview:large","max-video-preview":"max-video-preview:-1"},"canonical":"https:\/\/old.stoffe-autfizz.de\/?product=hochwertige-stretchstoffe-eines-hochwertigen-deutschen-modelabels","og_locale":"en_US","og_type":"article","og_title":"hochwertige Stretchstoffe eines deutschen Modelabels, neue Farben | autfizz","og_description":"ein ganz tolle Stretchware, ideal f\u00fcr Hosen, schmale R\u00f6cke und Kleider, die Ware gibt keine Knie und l\u00e4sst sich super waschen,  die Ware gibt es momentan in vielen Farben und auch in verschiedenen Preislagen","og_url":"https:\/\/old.stoffe-autfizz.de\/?product=hochwertige-stretchstoffe-eines-hochwertigen-deutschen-modelabels","og_site_name":"autfizz","article_publisher":"https:\/\/www.facebook.com\/autfizz","article_modified_time":"2022-02-06T18:42:33+00:00","og_image":[{"width":650,"height":867,"url":"https:\/\/old.stoffe-autfizz.de\/wp-content\/uploads\/2021\/07\/firstautumn22-1.jpg","type":"image\/jpeg"}],"twitter_card":"summary_large_image","twitter_site":"@autfizz","schema":{"@context":"https:\/\/schema.org","@graph":[{"@type":"WebPage","@id":"https:\/\/old.stoffe-autfizz.de\/?product=hochwertige-stretchstoffe-eines-hochwertigen-deutschen-modelabels","url":"https:\/\/old.stoffe-autfizz.de\/?product=hochwertige-stretchstoffe-eines-hochwertigen-deutschen-modelabels","name":"hochwertige Stretchstoffe eines deutschen Modelabels, neue Farben | autfizz","isPartOf":{"@id":"https:\/\/old.stoffe-autfizz.de\/#website"},"datePublished":"2019-01-21T19:38:32+00:00","dateModified":"2022-02-06T18:42:33+00:00","breadcrumb":{"@id":"https:\/\/old.stoffe-autfizz.de\/?product=hochwertige-stretchstoffe-eines-hochwertigen-deutschen-modelabels#breadcrumb"},"inLanguage":"de","potentialAction":[{"@type":"ReadAction","target":["https:\/\/old.stoffe-autfizz.de\/?product=hochwertige-stretchstoffe-eines-hochwertigen-deutschen-modelabels"]}]},{"@type":"BreadcrumbList","@id":"https:\/\/old.stoffe-autfizz.de\/?product=hochwertige-stretchstoffe-eines-hochwertigen-deutschen-modelabels#breadcrumb","itemListElement":[{"@type":"ListItem","position":1,"name":"Startseite","item":"https:\/\/old.stoffe-autfizz.de\/"},{"@type":"ListItem","position":2,"name":"SHOP","item":"https:\/\/old.stoffe-autfizz.de\/?page_id=11"},{"@type":"ListItem","position":3,"name":"hochwertige Stretchstoffe eines deutschen Modelabels, neue Farben"}]},{"@type":"WebSite","@id":"https:\/\/old.stoffe-autfizz.de\/#website","url":"https:\/\/old.stoffe-autfizz.de\/","name":"autfizz","description":"feine Stoffe","publisher":{"@id":"https:\/\/old.stoffe-autfizz.de\/#organization"},"potentialAction":[{"@type":"SearchAction","target":{"@type":"EntryPoint","urlTemplate":"https:\/\/old.stoffe-autfizz.de\/?s={search_term_string}"},"query-input":"required name=search_term_string"}],"inLanguage":"de"},{"@type":"Organization","@id":"https:\/\/old.stoffe-autfizz.de\/#organization","name":"autfizz | Stoffgesch\u00e4ft in Rosenheim","url":"https:\/\/old.stoffe-autfizz.de\/","logo":{"@type":"ImageObject","inLanguage":"de","@id":"https:\/\/old.stoffe-autfizz.de\/#\/schema\/logo\/image\/","url":"https:\/\/old.stoffe-autfizz.de\/wp-content\/uploads\/2018\/04\/Logo-autfizz_klein_100.jpg","contentUrl":"https:\/\/old.stoffe-autfizz.de\/wp-content\/uploads\/2018\/04\/Logo-autfizz_klein_100.jpg","width":200,"height":100,"caption":"autfizz | Stoffgesch\u00e4ft in Rosenheim"},"image":{"@id":"https:\/\/old.stoffe-autfizz.de\/#\/schema\/logo\/image\/"},"sameAs":["https:\/\/www.instagram.com\/autfizz_feine_stoffe","https:\/\/www.facebook.com\/autfizz","https:\/\/twitter.com\/autfizz"]}]}},"_links":{"self":[{"href":"https:\/\/old.stoffe-autfizz.de\/index.php?rest_route=\/wp\/v3\/product\/15176"}],"collection":[{"href":"https:\/\/old.stoffe-autfizz.de\/index.php?rest_route=\/wp\/v3\/product"}],"about":[{"href":"https:\/\/old.stoffe-autfizz.de\/index.php?rest_route=\/wp\/v2\/types\/product"}],"replies":[{"embeddable":true,"href":"https:\/\/old.stoffe-autfizz.de\/index.php?rest_route=%2Fwp%2Fv2%2Fcomments&post=15176"}],"wp:featuredmedia":[{"embeddable":true,"href":"https:\/\/old.stoffe-autfizz.de\/index.php?rest_route=\/wp\/v2\/media\/36350"}],"wp:attachment":[{"href":"https:\/\/old.stoffe-autfizz.de\/index.php?rest_route=%2Fwp%2Fv2%2Fmedia&parent=15176"}],"wp:term":[{"taxonomy":"product_cat","embeddable":true,"href":"https:\/\/old.stoffe-autfizz.de\/index.php?rest_route=%2Fwp%2Fv2%2Fproduct_cat&post=15176"},{"taxonomy":"product_tag","embeddable":true,"href":"https:\/\/old.stoffe-autfizz.de\/index.php?rest_route=%2Fwp%2Fv2%2Fproduct_tag&post=15176"}],"curies":[{"name":"wp","href":"https:\/\/api.w.org\/{rel}","templated":true}]}}