{"id":11318,"date":"2018-03-14T11:04:10","date_gmt":"2018-03-14T10:04:10","guid":{"rendered":"http:\/\/autfizz.my-louisa.com\/?page_id=11318"},"modified":"2022-09-18T10:03:34","modified_gmt":"2022-09-18T08:03:34","slug":"saison-trends","status":"publish","type":"page","link":"https:\/\/old.stoffe-autfizz.de\/?page_id=11318","title":{"rendered":"Saison Trends"},"content":{"rendered":"[vc_row type=&#8220;in_container&#8220; full_screen_row_position=&#8220;middle&#8220; column_margin=&#8220;default&#8220; column_direction=&#8220;default&#8220; column_direction_tablet=&#8220;default&#8220; column_direction_phone=&#8220;default&#8220; scene_position=&#8220;center&#8220; text_color=&#8220;dark&#8220; text_align=&#8220;left&#8220; row_border_radius=&#8220;none&#8220; row_border_radius_applies=&#8220;bg&#8220; overflow=&#8220;visible&#8220; overlay_strength=&#8220;0.3&#8243; gradient_direction=&#8220;left_to_right&#8220; shape_divider_position=&#8220;bottom&#8220; bg_image_animation=&#8220;none&#8220;][vc_column column_padding=&#8220;no-extra-padding&#8220; column_padding_tablet=&#8220;inherit&#8220; column_padding_phone=&#8220;inherit&#8220; column_padding_position=&#8220;all&#8220; column_element_spacing=&#8220;default&#8220; background_color_opacity=&#8220;1&#8243; background_hover_color_opacity=&#8220;1&#8243; column_shadow=&#8220;none&#8220; column_border_radius=&#8220;none&#8220; column_link_target=&#8220;_self&#8220; column_position=&#8220;default&#8220; gradient_direction=&#8220;left_to_right&#8220; overlay_strength=&#8220;0.3&#8243; width=&#8220;1\/1&#8243; tablet_width_inherit=&#8220;default&#8220; tablet_text_alignment=&#8220;default&#8220; phone_text_alignment=&#8220;default&#8220; animation_type=&#8220;default&#8220; bg_image_animation=&#8220;none&#8220; border_type=&#8220;simple&#8220; column_border_width=&#8220;none&#8220; column_border_style=&#8220;solid&#8220;][heading]\n<h2 style=\"text-align: center;\">TRENDSTOFFE Herbst\/Winter 2022\/2023<\/h2>\n<p>&nbsp;<\/p>\n<p>&nbsp;<\/p>\n<p>&nbsp;<\/p>\n<p>&nbsp;<\/p>\n<p>&nbsp;<\/p>\n<p>&nbsp;<\/p>\n<p>&nbsp;<\/p>\n<p>&nbsp;<\/p>\n<p>&nbsp;<\/p>\n<p>&nbsp;<\/p>\n<p>&nbsp;<\/p>\n[\/heading][vc_column_text]Mit den Trendstoffen \u00a0Herbst\/Winter 2022\/23 legen die internationalen Modemacher gro\u00dfen Wert auf neue Optiken und Materialmix. Themen sind u.a. Grafik-Drucke, Botanicals und Jacquards und weiterhin grossen Wert auf Nachhaltigkeit.<\/p>\n<p>Die richtigen Stoffe &#8211; total im Trend finden Sie bei uns.<\/p>\n<p>N\u00e4hen Sie jetzt mit unseren neuen Trendstoffen \u00a0ihre pers\u00f6nliche Herbst\/Winter &#8211; Garderobe.<\/p>\n<p>Sie werden sich wohlf\u00fchlen![\/vc_column_text][divider line_type=&#8220;No Line&#8220; custom_height=&#8220;30&#8243;][vc_column_text]\n<h2 style=\"text-align: center;\">TRENDSTOFFE von bester Qualit\u00e4t &#8230;<\/h2>\n<p style=\"text-align: center;\">Ob pastellig oder vielfarbig bunt, \u00a0st\u00f6bern Sie ein wenig und geben Sie sich dem Gef\u00fchl der Vorfreude auf die neuenHerbst\/Winter Prints 2022 hin.<\/p>\n[\/vc_column_text][divider line_type=&#8220;No Line&#8220; custom_height=&#8220;60&#8243;]<div class=\"woocommerce columns-4\">\n  <ul class=\"products columns-4\" data-n-lazy=\"off\" data-rm-m-hover=\"off\" data-n-desktop-columns=\"3\" data-n-desktop-small-columns=\"3\" data-n-tablet-columns=\"default\" data-n-phone-columns=\"default\" data-product-style=\"classic\">\n\n\n<li class=\"product-category product first\">\n\t<a href=\"https:\/\/old.stoffe-autfizz.de\/?product_cat=saison-trends-flowerpower\"><img src=\"https:\/\/old.stoffe-autfizz.de\/wp-content\/uploads\/2022\/09\/Herbst13-300x300.jpg\" alt=\"FlowerPower\" width=\"300\" height=\"300\" srcset=\"https:\/\/old.stoffe-autfizz.de\/wp-content\/uploads\/2022\/09\/Herbst13-300x300.jpg 300w, https:\/\/old.stoffe-autfizz.de\/wp-content\/uploads\/2022\/09\/Herbst13-150x150.jpg 150w, https:\/\/old.stoffe-autfizz.de\/wp-content\/uploads\/2022\/09\/Herbst13-100x100.jpg 100w, https:\/\/old.stoffe-autfizz.de\/wp-content\/uploads\/2022\/09\/Herbst13-140x140.jpg 140w, https:\/\/old.stoffe-autfizz.de\/wp-content\/uploads\/2022\/09\/Herbst13-500x500.jpg 500w, https:\/\/old.stoffe-autfizz.de\/wp-content\/uploads\/2022\/09\/Herbst13-350x350.jpg 350w\" sizes=\"(max-width: 300px) 100vw, 300px\" \/>\t\t<h2 class=\"woocommerce-loop-category__title\">\n\t\t\tFlowerPower <mark class=\"count\">(33)<\/mark>\t\t<\/h2>\n\t\t<\/a><\/li>\n<li class=\"product-category product\">\n\t<a href=\"https:\/\/old.stoffe-autfizz.de\/?product_cat=saison-trends-grafik\"><img src=\"https:\/\/old.stoffe-autfizz.de\/wp-content\/uploads\/2022\/09\/herbst5-1-300x300.jpg\" alt=\"Grafik\" width=\"300\" height=\"300\" srcset=\"https:\/\/old.stoffe-autfizz.de\/wp-content\/uploads\/2022\/09\/herbst5-1-300x300.jpg 300w, https:\/\/old.stoffe-autfizz.de\/wp-content\/uploads\/2022\/09\/herbst5-1-150x150.jpg 150w, https:\/\/old.stoffe-autfizz.de\/wp-content\/uploads\/2022\/09\/herbst5-1-100x100.jpg 100w, https:\/\/old.stoffe-autfizz.de\/wp-content\/uploads\/2022\/09\/herbst5-1-140x140.jpg 140w, https:\/\/old.stoffe-autfizz.de\/wp-content\/uploads\/2022\/09\/herbst5-1-500x500.jpg 500w, https:\/\/old.stoffe-autfizz.de\/wp-content\/uploads\/2022\/09\/herbst5-1-350x350.jpg 350w\" sizes=\"(max-width: 300px) 100vw, 300px\" \/>\t\t<h2 class=\"woocommerce-loop-category__title\">\n\t\t\tGrafik <mark class=\"count\">(71)<\/mark>\t\t<\/h2>\n\t\t<\/a><\/li>\n<li class=\"product-category product\">\n\t<a href=\"https:\/\/old.stoffe-autfizz.de\/?product_cat=saison-trends-safari\"><img src=\"https:\/\/old.stoffe-autfizz.de\/wp-content\/uploads\/2022\/01\/spring18-300x300.jpg\" alt=\"Safari\" width=\"300\" height=\"300\" srcset=\"https:\/\/old.stoffe-autfizz.de\/wp-content\/uploads\/2022\/01\/spring18-300x300.jpg 300w, https:\/\/old.stoffe-autfizz.de\/wp-content\/uploads\/2022\/01\/spring18-150x150.jpg 150w, https:\/\/old.stoffe-autfizz.de\/wp-content\/uploads\/2022\/01\/spring18-100x100.jpg 100w, https:\/\/old.stoffe-autfizz.de\/wp-content\/uploads\/2022\/01\/spring18-140x140.jpg 140w, https:\/\/old.stoffe-autfizz.de\/wp-content\/uploads\/2022\/01\/spring18-500x500.jpg 500w, https:\/\/old.stoffe-autfizz.de\/wp-content\/uploads\/2022\/01\/spring18-350x350.jpg 350w\" sizes=\"(max-width: 300px) 100vw, 300px\" \/>\t\t<h2 class=\"woocommerce-loop-category__title\">\n\t\t\tSafari <mark class=\"count\">(19)<\/mark>\t\t<\/h2>\n\t\t<\/a><\/li>\n<li class=\"product-category product last\">\n\t<a href=\"https:\/\/old.stoffe-autfizz.de\/?product_cat=saison-trends-transparenz\"><img src=\"https:\/\/old.stoffe-autfizz.de\/wp-content\/uploads\/2022\/01\/spring22-300x300.jpg\" alt=\"Transparenz\" width=\"300\" height=\"300\" srcset=\"https:\/\/old.stoffe-autfizz.de\/wp-content\/uploads\/2022\/01\/spring22-300x300.jpg 300w, https:\/\/old.stoffe-autfizz.de\/wp-content\/uploads\/2022\/01\/spring22-150x150.jpg 150w, https:\/\/old.stoffe-autfizz.de\/wp-content\/uploads\/2022\/01\/spring22-100x100.jpg 100w, https:\/\/old.stoffe-autfizz.de\/wp-content\/uploads\/2022\/01\/spring22-140x140.jpg 140w, https:\/\/old.stoffe-autfizz.de\/wp-content\/uploads\/2022\/01\/spring22-500x500.jpg 500w, https:\/\/old.stoffe-autfizz.de\/wp-content\/uploads\/2022\/01\/spring22-350x350.jpg 350w\" sizes=\"(max-width: 300px) 100vw, 300px\" \/>\t\t<h2 class=\"woocommerce-loop-category__title\">\n\t\t\tTransparenz <mark class=\"count\">(13)<\/mark>\t\t<\/h2>\n\t\t<\/a><\/li>\n<\/ul>\n<\/div>[\/vc_column][\/vc_row]\n","protected":false},"excerpt":{"rendered":"<p>[vc_row type=&#8220;in_container&#8220; full_screen_row_position=&#8220;middle&#8220; column_margin=&#8220;default&#8220; column_direction=&#8220;default&#8220; column_direction_tablet=&#8220;default&#8220; column_direction_phone=&#8220;default&#8220; scene_position=&#8220;center&#8220; text_color=&#8220;dark&#8220; text_align=&#8220;left&#8220; row_border_radius=&#8220;none&#8220; row_border_radius_applies=&#8220;bg&#8220; overflow=&#8220;visible&#8220; overlay_strength=&#8220;0.3&#8243; gradient_direction=&#8220;left_to_right&#8220; shape_divider_position=&#8220;bottom&#8220; bg_image_animation=&#8220;none&#8220;][vc_column column_padding=&#8220;no-extra-padding&#8220; column_padding_tablet=&#8220;inherit&#8220; column_padding_phone=&#8220;inherit&#8220; column_padding_position=&#8220;all&#8220; column_element_spacing=&#8220;default&#8220; background_color_opacity=&#8220;1&#8243; background_hover_color_opacity=&#8220;1&#8243; column_shadow=&#8220;none&#8220; column_border_radius=&#8220;none&#8220; column_link_target=&#8220;_self&#8220; column_position=&#8220;default&#8220; gradient_direction=&#8220;left_to_right&#8220; overlay_strength=&#8220;0.3&#8243;&#8230;<\/p>\n","protected":false},"author":1,"featured_media":0,"parent":0,"menu_order":0,"comment_status":"closed","ping_status":"closed","template":"","meta":[],"yoast_head":"<!-- This site is optimized with the Yoast SEO plugin v19.10 - https:\/\/yoast.com\/wordpress\/plugins\/seo\/ -->\n<title>Die neuen Trendstoffe hier online kaufen in gro\u00dfer Auswahl.<\/title>\n<meta name=\"description\" content=\"Die neuen Trendstoffe finden Sie bei uns. Wir haben f\u00fcr Sie tolle neue Stoffe f\u00fcr die neue Saison eingekauft. Wir liefern die Impressionen. komfortabel soll es sein. damit ist aber nicht nur der Jogginganzug gemeint.\" \/>\n<meta name=\"robots\" content=\"index, follow, max-snippet:-1, max-image-preview:large, max-video-preview:-1\" \/>\n<link rel=\"canonical\" href=\"https:\/\/old.stoffe-autfizz.de\/?page_id=11318\" \/>\n<meta property=\"og:locale\" content=\"en_US\" \/>\n<meta property=\"og:type\" content=\"article\" \/>\n<meta property=\"og:title\" content=\"Die neuen Trendstoffe hier online kaufen in gro\u00dfer Auswahl.\" \/>\n<meta property=\"og:description\" content=\"Die neuen Trendstoffe finden Sie bei uns. Wir haben f\u00fcr Sie tolle neue Stoffe f\u00fcr die neue Saison eingekauft. Wir liefern die Impressionen. komfortabel soll es sein. damit ist aber nicht nur der Jogginganzug gemeint.\" \/>\n<meta property=\"og:url\" content=\"https:\/\/old.stoffe-autfizz.de\/?page_id=11318\" \/>\n<meta property=\"og:site_name\" content=\"autfizz\" \/>\n<meta property=\"article:publisher\" content=\"https:\/\/www.facebook.com\/autfizz\" \/>\n<meta property=\"article:modified_time\" content=\"2022-09-18T08:03:34+00:00\" \/>\n<meta name=\"twitter:card\" content=\"summary_large_image\" \/>\n<meta name=\"twitter:site\" content=\"@autfizz\" \/>\n<meta name=\"twitter:label1\" content=\"Gesch\u00e4tzte Lesezeit\" \/>\n\t<meta name=\"twitter:data1\" content=\"1\u00a0Minute\" \/>\n<script type=\"application\/ld+json\" class=\"yoast-schema-graph\">{\"@context\":\"https:\/\/schema.org\",\"@graph\":[{\"@type\":\"WebPage\",\"@id\":\"https:\/\/old.stoffe-autfizz.de\/?page_id=11318\",\"url\":\"https:\/\/old.stoffe-autfizz.de\/?page_id=11318\",\"name\":\"Die neuen Trendstoffe hier online kaufen in gro\u00dfer Auswahl.\",\"isPartOf\":{\"@id\":\"https:\/\/old.stoffe-autfizz.de\/#website\"},\"datePublished\":\"2018-03-14T10:04:10+00:00\",\"dateModified\":\"2022-09-18T08:03:34+00:00\",\"description\":\"Die neuen Trendstoffe finden Sie bei uns. Wir haben f\u00fcr Sie tolle neue Stoffe f\u00fcr die neue Saison eingekauft. Wir liefern die Impressionen. komfortabel soll es sein. damit ist aber nicht nur der Jogginganzug gemeint.\",\"breadcrumb\":{\"@id\":\"https:\/\/old.stoffe-autfizz.de\/?page_id=11318#breadcrumb\"},\"inLanguage\":\"de\",\"potentialAction\":[{\"@type\":\"ReadAction\",\"target\":[\"https:\/\/old.stoffe-autfizz.de\/?page_id=11318\"]}]},{\"@type\":\"BreadcrumbList\",\"@id\":\"https:\/\/old.stoffe-autfizz.de\/?page_id=11318#breadcrumb\",\"itemListElement\":[{\"@type\":\"ListItem\",\"position\":1,\"name\":\"Startseite\",\"item\":\"https:\/\/old.stoffe-autfizz.de\/\"},{\"@type\":\"ListItem\",\"position\":2,\"name\":\"Saison Trends\"}]},{\"@type\":\"WebSite\",\"@id\":\"https:\/\/old.stoffe-autfizz.de\/#website\",\"url\":\"https:\/\/old.stoffe-autfizz.de\/\",\"name\":\"autfizz\",\"description\":\"feine Stoffe\",\"publisher\":{\"@id\":\"https:\/\/old.stoffe-autfizz.de\/#organization\"},\"potentialAction\":[{\"@type\":\"SearchAction\",\"target\":{\"@type\":\"EntryPoint\",\"urlTemplate\":\"https:\/\/old.stoffe-autfizz.de\/?s={search_term_string}\"},\"query-input\":\"required name=search_term_string\"}],\"inLanguage\":\"de\"},{\"@type\":\"Organization\",\"@id\":\"https:\/\/old.stoffe-autfizz.de\/#organization\",\"name\":\"autfizz | Stoffgesch\u00e4ft in Rosenheim\",\"url\":\"https:\/\/old.stoffe-autfizz.de\/\",\"logo\":{\"@type\":\"ImageObject\",\"inLanguage\":\"de\",\"@id\":\"https:\/\/old.stoffe-autfizz.de\/#\/schema\/logo\/image\/\",\"url\":\"https:\/\/old.stoffe-autfizz.de\/wp-content\/uploads\/2018\/04\/Logo-autfizz_klein_100.jpg\",\"contentUrl\":\"https:\/\/old.stoffe-autfizz.de\/wp-content\/uploads\/2018\/04\/Logo-autfizz_klein_100.jpg\",\"width\":200,\"height\":100,\"caption\":\"autfizz | Stoffgesch\u00e4ft in Rosenheim\"},\"image\":{\"@id\":\"https:\/\/old.stoffe-autfizz.de\/#\/schema\/logo\/image\/\"},\"sameAs\":[\"https:\/\/www.instagram.com\/autfizz_feine_stoffe\",\"https:\/\/www.facebook.com\/autfizz\",\"https:\/\/twitter.com\/autfizz\"]}]}<\/script>\n<!-- \/ Yoast SEO plugin. -->","yoast_head_json":{"title":"Die neuen Trendstoffe hier online kaufen in gro\u00dfer Auswahl.","description":"Die neuen Trendstoffe finden Sie bei uns. Wir haben f\u00fcr Sie tolle neue Stoffe f\u00fcr die neue Saison eingekauft. Wir liefern die Impressionen. komfortabel soll es sein. damit ist aber nicht nur der Jogginganzug gemeint.","robots":{"index":"index","follow":"follow","max-snippet":"max-snippet:-1","max-image-preview":"max-image-preview:large","max-video-preview":"max-video-preview:-1"},"canonical":"https:\/\/old.stoffe-autfizz.de\/?page_id=11318","og_locale":"en_US","og_type":"article","og_title":"Die neuen Trendstoffe hier online kaufen in gro\u00dfer Auswahl.","og_description":"Die neuen Trendstoffe finden Sie bei uns. Wir haben f\u00fcr Sie tolle neue Stoffe f\u00fcr die neue Saison eingekauft. Wir liefern die Impressionen. komfortabel soll es sein. damit ist aber nicht nur der Jogginganzug gemeint.","og_url":"https:\/\/old.stoffe-autfizz.de\/?page_id=11318","og_site_name":"autfizz","article_publisher":"https:\/\/www.facebook.com\/autfizz","article_modified_time":"2022-09-18T08:03:34+00:00","twitter_card":"summary_large_image","twitter_site":"@autfizz","twitter_misc":{"Gesch\u00e4tzte Lesezeit":"1\u00a0Minute"},"schema":{"@context":"https:\/\/schema.org","@graph":[{"@type":"WebPage","@id":"https:\/\/old.stoffe-autfizz.de\/?page_id=11318","url":"https:\/\/old.stoffe-autfizz.de\/?page_id=11318","name":"Die neuen Trendstoffe hier online kaufen in gro\u00dfer Auswahl.","isPartOf":{"@id":"https:\/\/old.stoffe-autfizz.de\/#website"},"datePublished":"2018-03-14T10:04:10+00:00","dateModified":"2022-09-18T08:03:34+00:00","description":"Die neuen Trendstoffe finden Sie bei uns. Wir haben f\u00fcr Sie tolle neue Stoffe f\u00fcr die neue Saison eingekauft. Wir liefern die Impressionen. komfortabel soll es sein. damit ist aber nicht nur der Jogginganzug gemeint.","breadcrumb":{"@id":"https:\/\/old.stoffe-autfizz.de\/?page_id=11318#breadcrumb"},"inLanguage":"de","potentialAction":[{"@type":"ReadAction","target":["https:\/\/old.stoffe-autfizz.de\/?page_id=11318"]}]},{"@type":"BreadcrumbList","@id":"https:\/\/old.stoffe-autfizz.de\/?page_id=11318#breadcrumb","itemListElement":[{"@type":"ListItem","position":1,"name":"Startseite","item":"https:\/\/old.stoffe-autfizz.de\/"},{"@type":"ListItem","position":2,"name":"Saison Trends"}]},{"@type":"WebSite","@id":"https:\/\/old.stoffe-autfizz.de\/#website","url":"https:\/\/old.stoffe-autfizz.de\/","name":"autfizz","description":"feine Stoffe","publisher":{"@id":"https:\/\/old.stoffe-autfizz.de\/#organization"},"potentialAction":[{"@type":"SearchAction","target":{"@type":"EntryPoint","urlTemplate":"https:\/\/old.stoffe-autfizz.de\/?s={search_term_string}"},"query-input":"required name=search_term_string"}],"inLanguage":"de"},{"@type":"Organization","@id":"https:\/\/old.stoffe-autfizz.de\/#organization","name":"autfizz | Stoffgesch\u00e4ft in Rosenheim","url":"https:\/\/old.stoffe-autfizz.de\/","logo":{"@type":"ImageObject","inLanguage":"de","@id":"https:\/\/old.stoffe-autfizz.de\/#\/schema\/logo\/image\/","url":"https:\/\/old.stoffe-autfizz.de\/wp-content\/uploads\/2018\/04\/Logo-autfizz_klein_100.jpg","contentUrl":"https:\/\/old.stoffe-autfizz.de\/wp-content\/uploads\/2018\/04\/Logo-autfizz_klein_100.jpg","width":200,"height":100,"caption":"autfizz | Stoffgesch\u00e4ft in Rosenheim"},"image":{"@id":"https:\/\/old.stoffe-autfizz.de\/#\/schema\/logo\/image\/"},"sameAs":["https:\/\/www.instagram.com\/autfizz_feine_stoffe","https:\/\/www.facebook.com\/autfizz","https:\/\/twitter.com\/autfizz"]}]}},"_links":{"self":[{"href":"https:\/\/old.stoffe-autfizz.de\/index.php?rest_route=\/wp\/v2\/pages\/11318"}],"collection":[{"href":"https:\/\/old.stoffe-autfizz.de\/index.php?rest_route=\/wp\/v2\/pages"}],"about":[{"href":"https:\/\/old.stoffe-autfizz.de\/index.php?rest_route=\/wp\/v2\/types\/page"}],"author":[{"embeddable":true,"href":"https:\/\/old.stoffe-autfizz.de\/index.php?rest_route=\/wp\/v2\/users\/1"}],"replies":[{"embeddable":true,"href":"https:\/\/old.stoffe-autfizz.de\/index.php?rest_route=%2Fwp%2Fv2%2Fcomments&post=11318"}],"version-history":[{"count":35,"href":"https:\/\/old.stoffe-autfizz.de\/index.php?rest_route=\/wp\/v2\/pages\/11318\/revisions"}],"predecessor-version":[{"id":46748,"href":"https:\/\/old.stoffe-autfizz.de\/index.php?rest_route=\/wp\/v2\/pages\/11318\/revisions\/46748"}],"wp:attachment":[{"href":"https:\/\/old.stoffe-autfizz.de\/index.php?rest_route=%2Fwp%2Fv2%2Fmedia&parent=11318"}],"curies":[{"name":"wp","href":"https:\/\/api.w.org\/{rel}","templated":true}]}}